{"id":4090,"date":"2022-05-31T14:15:11","date_gmt":"2022-05-31T18:15:11","guid":{"rendered":"https:\/\/prohealthfinancial.ca\/a-propos\/"},"modified":"2022-05-31T14:15:11","modified_gmt":"2022-05-31T18:15:11","slug":"a-propos","status":"publish","type":"page","link":"https:\/\/carteblanche.media\/prohealth\/fr\/a-propos\/","title":{"rendered":"\u00c0 propos"},"content":{"rendered":"\r\n\r\n<strong>\u00c0 propos de nous<\/strong>\r\n\r\nNous sommes une \u00e9quipe d&rsquo;Experts Financiers \u00e0 Montr\u00e9al, des conseillers, des comptables et des avocats, ayant acquis collectivement plus de 80 ans d&rsquo;exp\u00e9rience dans le monde des affaires et de la planification financi\u00e8re.\r\n\r\n<img decoding=\"async\" src=\"https:\/\/carteblanche.media\/prohealth\/wp-content\/uploads\/sites\/29\/2021\/01\/White-top-1920x200px.png\" alt=\"White-top-1920x200px\" \/>\r\n\r\n<strong>Notre histoire<\/strong>\r\n\r\nD\u00e9di\u00e9s \u00e0 l\u2019\u00e9ducation, \u00e0 l\u2019autonomisation et \u00e0 la personnalisation de solutions commerciales et financi\u00e8res sur mesure pour chacun de nos clients. Ceci, dans le but de r\u00e9pondre \u00e0 vos besoins sp\u00e9cifiques, en rapport avec l\u2019\u00e9tape, o\u00f9 vous \u00eates rendu dans votre vie et aussi votre situation \u00e9conomique actuelle. Nous sommes fiers d\u2019\u00eatre votre \u00ab\u00a0coach en acquisition d\u2019aptitudes financi\u00e8res\u00a0\u00bb.\r\n\r\n<a href=\"https:\/\/www.mdrt.org\/about-mdrt\/\" target=\"_blank\" rel=\"noopener\">\r\n<img loading=\"lazy\" decoding=\"async\" title=\"mdrt-logo\" src=\"https:\/\/carteblanche.media\/prohealth\/wp-content\/uploads\/sites\/29\/2021\/02\/mdrt-logo-e1612390525770.png\" alt=\"million dollar round table\" width=\"150\" height=\"136\" \/>\r\n<\/a>\r\n<a href=\"https:\/\/www.mdrt.org\/about-mdrt\/\" target=\"_blank\" rel=\"noopener\">\r\n<img loading=\"lazy\" decoding=\"async\" title=\"mdrt-logo\" src=\"https:\/\/carteblanche.media\/prohealth\/wp-content\/uploads\/sites\/29\/2021\/02\/mdrt-logo-e1612390525770.png\" alt=\"million dollar round table\" width=\"150\" height=\"136\" \/>\r\n<\/a>\r\n<img decoding=\"async\" src=\"https:\/\/carteblanche.media\/prohealth\/wp-content\/plugins\/bb-plugin\/img\/pixel.png\" alt=\"\" \/>\r\n<img decoding=\"async\" title=\"Our-Story_307x313px\" src=\"https:\/\/carteblanche.media\/prohealth\/wp-content\/uploads\/sites\/29\/2021\/01\/Our-Story_307x313px.jpg\" alt=\"investment consulting montreal\" \/>\r\n<img decoding=\"async\" title=\"Our-Philosophy-676px\" src=\"https:\/\/carteblanche.media\/prohealth\/wp-content\/uploads\/sites\/29\/2021\/01\/Our-Philosophy-676px-1.jpg\" alt=\"financial planners montreal\" \/>\r\n\r\n<strong>Notre philosophie<\/strong>\r\n\r\nNous croyons fermement que le bien-\u00eatre physique, mental et spirituel est \u00e9troitement li\u00e9 \u00e0 la libert\u00e9 et \u00e0 la s\u00e9curit\u00e9 financi\u00e8res. Dans ce sens, nous essayons d\u2019\u00e9laborer des plans centr\u00e9s sur le client lui-m\u00eame, sans pour autant se limiter aux chiffres, malgr\u00e9 leur importance, mais plut\u00f4t aux \u00e9motions sous-jacentes qui s\u2019y rapportent. Nous nous engageons \u00e0 consolider cet objectif en vous apprenant \u00e0 pr\u00e9server et \u00e0 d\u00e9velopper votre patrimoine.\r\n\r\nL&rsquo;argent n&rsquo;est pas la valeur la plus importante dans la vie, cependant il nous permet de profiter de bien de choses qui sont importantes, comme l&rsquo;\u00e9ducation, les voyages, les loisirs et les sports, et surtout le temps de qualit\u00e9 que l\u2019on pourrait passer avec les amis et la famille.\r\n\r\nEn ce qui nous concerne, tisser avec nos clients un lien personnel bas\u00e9 sur des principes et des objectifs communs, sera la premi\u00e8re \u00e9tape pour les amener \u00e0 atteindre leur libert\u00e9 financi\u00e8re.\r\n\r\n<strong>Voici, ce que nous valorisons\u00a0:<\/strong>\r\n\r\n<img decoding=\"async\" src=\"https:\/\/carteblanche.media\/prohealth\/wp-content\/uploads\/sites\/29\/2021\/01\/Our-Philosophy_1@2x.png\" alt=\"financial freedom montreal\" \/>\r\n\r\n<nav>\r\n<ul>\r\n \t<li data-index=\"0\">\r\n<h3><a>01<\/a><\/h3>\r\n<\/li>\r\n \t<li data-index=\"1\">\r\n<h3><a>02<\/a><\/h3>\r\n<\/li>\r\n \t<li data-index=\"2\">\r\n<h3><a>03<\/a><\/h3>\r\n<\/li>\r\n \t<li data-index=\"3\">\r\n<h3><a>04<\/a><\/h3>\r\n<\/li>\r\n<\/ul>\r\n<\/nav><img loading=\"lazy\" decoding=\"async\" src=\"https:\/\/197753.smushcdn.com\/646743\/wp-content\/uploads\/sites\/29\/2020\/11\/Icon-family-friend-2.png\" alt=\"\" width=\"60\" height=\"63\" \/>\r\n\r\n<strong>Famille et amis<\/strong>\r\n\r\nLes exp\u00e9riences sont tellement plus r\u00e9jouissantes et enrichissantes lorsque vous les partagez avec d\u2019autres, notamment avec la famille et les amis. Nous nous engageons \u00e0 cet effet de vous faciliter la r\u00e9alisation de vos r\u00eaves, sans que vous ayez \u00e0 se soucier des d\u00e9penses que cela pourrait impliquer. Vous ne r\u00eavez pas d\u2019un bon repas que vous partagez avec votre famille et vos amis apr\u00e8s une aventure de ski dans les Alpes suisses et rem\u00e9moriser tout ce que vous avez v\u00e9cu durant cette p\u00e9riode inoubliable ?\r\n\r\n<img loading=\"lazy\" decoding=\"async\" src=\"https:\/\/carteblanche.media\/prohealth\/wp-content\/uploads\/sites\/29\/2020\/11\/Icons-education-2.png\" alt=\"\" width=\"60\" height=\"63\" \/>\r\n\r\n<strong>\u00c9ducation<\/strong>\r\n\r\nL&rsquo;individu \u00e9clair\u00e9 cherche constamment \u00e0 \u00e9largir ses connaissances et \u00e0 les enseigner aux autres, et ce, dans toutes les mati\u00e8res et les disciplines. C&rsquo;est ce que nous perp\u00e9tuons d\u2019ailleurs par le biais de nos services, et aussi en organisant des s\u00e9minaires et des ateliers en milieu d\u2019entreprises et d\u2019\u00e9tablissements d&rsquo;enseignement comme l&rsquo;Universit\u00e9 McGill.\r\n\r\n<img loading=\"lazy\" decoding=\"async\" src=\"https:\/\/197753.smushcdn.com\/646743\/wp-content\/uploads\/sites\/29\/2020\/11\/Icon-travel-3.png\" alt=\"\" width=\"60\" height=\"63\" \/>\r\n\r\n<strong>Voyage<\/strong>\r\n\r\nLes exp\u00e9riences ajoutent de la valeur \u00e0 la vie, et il n\u2019y a rien de plus pr\u00e9cieux que d\u2019apprendre et de d\u00e9couvrir diff\u00e9rentes cultures. Faire une promenade dans les Highlands \u00e9cossais, une balade en gondole \u00e0 travers les canaux de Venise ou une randonn\u00e9e dans l\u2019Outback australien, sauf que tout ceci n\u00e9cessite de l\u2019argent. Nous nous engageons pleinement \u00e0 vous aider \u00e0 pouvoir accumuler des souvenirs de tout une vie en assurant votre ind\u00e9pendance financi\u00e8re.\r\n\r\n<img loading=\"lazy\" decoding=\"async\" src=\"https:\/\/197753.smushcdn.com\/646743\/wp-content\/uploads\/sites\/29\/2020\/11\/Sports.png\" alt=\"\" width=\"60\" height=\"63\" \/>\r\n\r\n<strong>Sport<\/strong>\r\n\r\nLa comp\u00e9tition fait ressortir le meilleur d\u2019un individu, l\u2019obligeant \u00e0 se surpasser constamment vers de nouveaux sommets de croissance et de r\u00e9ussite. Le sport nous a appris \u00e0 ne pas rivaliser avec les autres, mais plut\u00f4t avec nous-m\u00eames, en cherchant toujours \u00e0 nous tenir \u00e0 un niveau plus \u00e9lev\u00e9. Donc, et tout en nous inspirant de cette philosophie, nous misons toujours dans note travail, \u00e0 tirer le meilleur de nous-m\u00eames et aussi de nos clients.\r\n\r\n<!-- \/content -->\r\n<!-- \/tabs -->\r\n<img decoding=\"async\" src=\"https:\/\/carteblanche.media\/prohealth\/wp-content\/uploads\/sites\/29\/2021\/01\/White-Green-1920x200px.png\" alt=\"White-Green-1920x200px\" \/>\r\n<img decoding=\"async\" title=\"Justin-02@2x\" src=\"https:\/\/carteblanche.media\/prohealth\/wp-content\/uploads\/sites\/29\/2021\/01\/Justin-02@2x.png\" alt=\"Justin-02@2x\" \/>\r\n<h2><strong>\u00ab Plus j\u2019apprends, plus je me rends compte \u00e0 quel point je ne sais pas. \u00bb<\/strong><\/h2>\r\n<strong>Albert Einstein<\/strong>\r\n\r\n<img decoding=\"async\" src=\"https:\/\/carteblanche.media\/prohealth\/wp-content\/uploads\/sites\/29\/2021\/01\/White-top-1920x200px.png\" alt=\"White-top-1920x200px\" \/>\r\n<img decoding=\"async\" title=\"Our-Method_676x375px\" src=\"https:\/\/carteblanche.media\/prohealth\/wp-content\/uploads\/sites\/29\/2021\/01\/Our-Method_676x375px.jpg\" alt=\"Our-Method_676x375px\" \/>\r\n\r\n<strong>Notre m\u00e9thode<\/strong>\r\n\r\nEn soutien \u00e0 notre philosophie d\u2019entreprise, nous croyons fermement que la meilleure fa\u00e7on pour r\u00e9ussir \u00e0 amener nos clients \u00e0 atteindre leur libert\u00e9 financi\u00e8re, est d\u2019\u00e9tablir une relation solide avec eux. \u00c0 l\u2019exemple d\u2019Albert Einstein, ce n\u2019est que lorsque nous prenons le temps de nous asseoir avec vous, de vous \u00e9couter et de vous poser les bonnes questions \/ strat\u00e9giques, que les membres de notre \u00e9quipe mettent le doigt sur la meilleure approche \u00e9conomique pour vous et vos proches. Nous croyons que le rapport conseiller\/client repose sur une communication mutuelle transparente, claire et directe ; des objectifs centr\u00e9s sur l\u2019int\u00e9r\u00eat du client et un terrain commun d\u2019int\u00e9r\u00eats, d\u2019activit\u00e9s et de valeurs. Il est important pour nous de connaitre vos attentes par rapport \u00e0 la vie, \u00e0 court et moyen terme, afin de pouvoir vous donner les meilleurs conseils sur les fonds n\u00e9cessaires r\u00e9pondant \u00e0 vos attentes, et les s\u00e9curiser.\r\n\r\nUne fois les pr\u00e9liminaires termin\u00e9s et le plan d&rsquo;affaires \u00e9tabli, attendez-vous \u00e0 avoir des r\u00e9sultats imm\u00e9diats. Nous promettons \u00e9galement du contr\u00f4le et des mises \u00e0 jour r\u00e9guliers pour garantir les r\u00e9sultats.\r\n\r\n<img decoding=\"async\" title=\"Who-we-are_Our-Philosophy_4\" src=\"https:\/\/carteblanche.media\/prohealth\/wp-content\/uploads\/sites\/29\/2021\/01\/Who-we-are_Our-Philosophy_4.png\" alt=\"Who-we-are_Our-Philosophy_4\" \/>\r\n<img decoding=\"async\" src=\"https:\/\/carteblanche.media\/prohealth\/wp-content\/uploads\/sites\/29\/2021\/01\/White-Green-1920x200px.png\" alt=\"White-Green-1920x200px\" \/>\r\n\r\n<strong>Demander une consultation<\/strong>\r\n\r\nContacter l\u2019un de nos planificateurs financiers \u00e0 Montr\u00e9al.\r\n\r\n<strong>D\u00e9marrer<\/strong>\r\n\r\n<img decoding=\"async\" title=\"Contact-Pro-Health-Financial-for-your-Economic-Needs\" src=\"https:\/\/carteblanche.media\/prohealth\/wp-content\/uploads\/sites\/29\/2021\/03\/Contact-Pro-Health-Financial-for-your-Economic-Needs-scaled.jpg\" alt=\"Contact-Pro-Health-Financial-for-your-Economic-Needs\" \/>\r\n","protected":false},"excerpt":{"rendered":"<p>\u00c0 propos de nous Nous sommes une \u00e9quipe d&rsquo;Experts Financiers \u00e0 Montr\u00e9al, des conseillers, des comptables et des avocats, ayant acquis collectivement plus de 80 ans d&rsquo;exp\u00e9rience dans le monde des affaires et de la planification financi\u00e8re. Notre histoire D\u00e9di\u00e9s \u00e0 l\u2019\u00e9ducation, \u00e0 l\u2019autonomisation et \u00e0 la personnalisation de solutions commerciales et financi\u00e8res sur mesure&hellip;<\/p>\n","protected":false},"author":100,"featured_media":0,"parent":0,"menu_order":0,"comment_status":"closed","ping_status":"closed","template":"","meta":{"footnotes":""},"class_list":["post-4090","page","type-page","status-publish","hentry"],"yoast_head":"<!-- This site is optimized with the Yoast SEO plugin v26.8 - https:\/\/yoast.com\/product\/yoast-seo-wordpress\/ -->\n<title>Planificateurs financiers \u00e0 Montr\u00e9al | Pro Health Financial<\/title>\n<meta name=\"description\" content=\"Nous sommes fiers d&#039;\u00eatre vos planificateurs financiers \u00e0 Montr\u00e9al offrant une \u00e9ducation et des solutions pour votre libert\u00e9 financi\u00e8re.\" \/>\n<meta name=\"robots\" content=\"index, follow, max-snippet:-1, max-image-preview:large, max-video-preview:-1\" \/>\n<link rel=\"canonical\" href=\"https:\/\/carteblanche.media\/prohealth\/fr\/a-propos\/\" \/>\n<meta property=\"og:locale\" content=\"fr_FR\" \/>\n<meta property=\"og:type\" content=\"article\" \/>\n<meta property=\"og:title\" content=\"Planificateurs financiers \u00e0 Montr\u00e9al | Pro Health Financial\" \/>\n<meta property=\"og:description\" content=\"Nous sommes fiers d&#039;\u00eatre vos planificateurs financiers \u00e0 Montr\u00e9al offrant une \u00e9ducation et des solutions pour votre libert\u00e9 financi\u00e8re.\" \/>\n<meta property=\"og:url\" content=\"https:\/\/carteblanche.media\/prohealth\/fr\/a-propos\/\" \/>\n<meta property=\"og:site_name\" content=\"Pro Health Financial - Montreal Investment &amp; Insurance Broker of Choice\" \/>\n<meta property=\"og:image\" content=\"https:\/\/carteblanche.media\/prohealth\/wp-content\/uploads\/sites\/29\/2021\/01\/White-top-1920x200px.png\" \/>\n<meta name=\"twitter:card\" content=\"summary_large_image\" \/>\n<meta name=\"twitter:label1\" content=\"Dur\u00e9e de lecture estim\u00e9e\" \/>\n\t<meta name=\"twitter:data1\" content=\"4 minutes\" \/>\n<script type=\"application\/ld+json\" class=\"yoast-schema-graph\">{\"@context\":\"https:\/\/schema.org\",\"@graph\":[{\"@type\":\"WebPage\",\"@id\":\"https:\/\/carteblanche.media\/prohealth\/fr\/a-propos\/\",\"url\":\"https:\/\/carteblanche.media\/prohealth\/fr\/a-propos\/\",\"name\":\"Planificateurs financiers \u00e0 Montr\u00e9al | Pro Health Financial\",\"isPartOf\":{\"@id\":\"https:\/\/carteblanche.media\/prohealth\/#website\"},\"primaryImageOfPage\":{\"@id\":\"https:\/\/carteblanche.media\/prohealth\/fr\/a-propos\/#primaryimage\"},\"image\":{\"@id\":\"https:\/\/carteblanche.media\/prohealth\/fr\/a-propos\/#primaryimage\"},\"thumbnailUrl\":\"https:\/\/carteblanche.media\/prohealth\/wp-content\/uploads\/sites\/29\/2021\/01\/White-top-1920x200px.png\",\"datePublished\":\"2022-05-31T18:15:11+00:00\",\"description\":\"Nous sommes fiers d'\u00eatre vos planificateurs financiers \u00e0 Montr\u00e9al offrant une \u00e9ducation et des solutions pour votre libert\u00e9 financi\u00e8re.\",\"breadcrumb\":{\"@id\":\"https:\/\/carteblanche.media\/prohealth\/fr\/a-propos\/#breadcrumb\"},\"inLanguage\":\"fr-FR\",\"potentialAction\":[{\"@type\":\"ReadAction\",\"target\":[\"https:\/\/carteblanche.media\/prohealth\/fr\/a-propos\/\"]}]},{\"@type\":\"ImageObject\",\"inLanguage\":\"fr-FR\",\"@id\":\"https:\/\/carteblanche.media\/prohealth\/fr\/a-propos\/#primaryimage\",\"url\":\"https:\/\/carteblanche.media\/prohealth\/wp-content\/uploads\/sites\/29\/2021\/01\/White-top-1920x200px.png\",\"contentUrl\":\"https:\/\/carteblanche.media\/prohealth\/wp-content\/uploads\/sites\/29\/2021\/01\/White-top-1920x200px.png\"},{\"@type\":\"BreadcrumbList\",\"@id\":\"https:\/\/carteblanche.media\/prohealth\/fr\/a-propos\/#breadcrumb\",\"itemListElement\":[{\"@type\":\"ListItem\",\"position\":1,\"name\":\"Home\",\"item\":\"https:\/\/carteblanche.media\/prohealth\/fr\/\"},{\"@type\":\"ListItem\",\"position\":2,\"name\":\"\u00c0 propos\"}]},{\"@type\":\"WebSite\",\"@id\":\"https:\/\/carteblanche.media\/prohealth\/#website\",\"url\":\"https:\/\/carteblanche.media\/prohealth\/\",\"name\":\"Pro Health Financial - Montreal Investment & Insurance Broker of Choice\",\"description\":\"Pro Health Financial\",\"potentialAction\":[{\"@type\":\"SearchAction\",\"target\":{\"@type\":\"EntryPoint\",\"urlTemplate\":\"https:\/\/carteblanche.media\/prohealth\/?s={search_term_string}\"},\"query-input\":{\"@type\":\"PropertyValueSpecification\",\"valueRequired\":true,\"valueName\":\"search_term_string\"}}],\"inLanguage\":\"fr-FR\"}]}<\/script>\n<!-- \/ Yoast SEO plugin. -->","yoast_head_json":{"title":"Planificateurs financiers \u00e0 Montr\u00e9al | Pro Health Financial","description":"Nous sommes fiers d'\u00eatre vos planificateurs financiers \u00e0 Montr\u00e9al offrant une \u00e9ducation et des solutions pour votre libert\u00e9 financi\u00e8re.","robots":{"index":"index","follow":"follow","max-snippet":"max-snippet:-1","max-image-preview":"max-image-preview:large","max-video-preview":"max-video-preview:-1"},"canonical":"https:\/\/carteblanche.media\/prohealth\/fr\/a-propos\/","og_locale":"fr_FR","og_type":"article","og_title":"Planificateurs financiers \u00e0 Montr\u00e9al | Pro Health Financial","og_description":"Nous sommes fiers d'\u00eatre vos planificateurs financiers \u00e0 Montr\u00e9al offrant une \u00e9ducation et des solutions pour votre libert\u00e9 financi\u00e8re.","og_url":"https:\/\/carteblanche.media\/prohealth\/fr\/a-propos\/","og_site_name":"Pro Health Financial - Montreal Investment & Insurance Broker of Choice","og_image":[{"url":"https:\/\/carteblanche.media\/prohealth\/wp-content\/uploads\/sites\/29\/2021\/01\/White-top-1920x200px.png","type":"","width":"","height":""}],"twitter_card":"summary_large_image","twitter_misc":{"Dur\u00e9e de lecture estim\u00e9e":"4 minutes"},"schema":{"@context":"https:\/\/schema.org","@graph":[{"@type":"WebPage","@id":"https:\/\/carteblanche.media\/prohealth\/fr\/a-propos\/","url":"https:\/\/carteblanche.media\/prohealth\/fr\/a-propos\/","name":"Planificateurs financiers \u00e0 Montr\u00e9al | Pro Health Financial","isPartOf":{"@id":"https:\/\/carteblanche.media\/prohealth\/#website"},"primaryImageOfPage":{"@id":"https:\/\/carteblanche.media\/prohealth\/fr\/a-propos\/#primaryimage"},"image":{"@id":"https:\/\/carteblanche.media\/prohealth\/fr\/a-propos\/#primaryimage"},"thumbnailUrl":"https:\/\/carteblanche.media\/prohealth\/wp-content\/uploads\/sites\/29\/2021\/01\/White-top-1920x200px.png","datePublished":"2022-05-31T18:15:11+00:00","description":"Nous sommes fiers d'\u00eatre vos planificateurs financiers \u00e0 Montr\u00e9al offrant une \u00e9ducation et des solutions pour votre libert\u00e9 financi\u00e8re.","breadcrumb":{"@id":"https:\/\/carteblanche.media\/prohealth\/fr\/a-propos\/#breadcrumb"},"inLanguage":"fr-FR","potentialAction":[{"@type":"ReadAction","target":["https:\/\/carteblanche.media\/prohealth\/fr\/a-propos\/"]}]},{"@type":"ImageObject","inLanguage":"fr-FR","@id":"https:\/\/carteblanche.media\/prohealth\/fr\/a-propos\/#primaryimage","url":"https:\/\/carteblanche.media\/prohealth\/wp-content\/uploads\/sites\/29\/2021\/01\/White-top-1920x200px.png","contentUrl":"https:\/\/carteblanche.media\/prohealth\/wp-content\/uploads\/sites\/29\/2021\/01\/White-top-1920x200px.png"},{"@type":"BreadcrumbList","@id":"https:\/\/carteblanche.media\/prohealth\/fr\/a-propos\/#breadcrumb","itemListElement":[{"@type":"ListItem","position":1,"name":"Home","item":"https:\/\/carteblanche.media\/prohealth\/fr\/"},{"@type":"ListItem","position":2,"name":"\u00c0 propos"}]},{"@type":"WebSite","@id":"https:\/\/carteblanche.media\/prohealth\/#website","url":"https:\/\/carteblanche.media\/prohealth\/","name":"Pro Health Financial - Montreal Investment & Insurance Broker of Choice","description":"Pro Health Financial","potentialAction":[{"@type":"SearchAction","target":{"@type":"EntryPoint","urlTemplate":"https:\/\/carteblanche.media\/prohealth\/?s={search_term_string}"},"query-input":{"@type":"PropertyValueSpecification","valueRequired":true,"valueName":"search_term_string"}}],"inLanguage":"fr-FR"}]}},"_links":{"self":[{"href":"https:\/\/carteblanche.media\/prohealth\/fr\/wp-json\/wp\/v2\/pages\/4090","targetHints":{"allow":["GET"]}}],"collection":[{"href":"https:\/\/carteblanche.media\/prohealth\/fr\/wp-json\/wp\/v2\/pages"}],"about":[{"href":"https:\/\/carteblanche.media\/prohealth\/fr\/wp-json\/wp\/v2\/types\/page"}],"author":[{"embeddable":true,"href":"https:\/\/carteblanche.media\/prohealth\/fr\/wp-json\/wp\/v2\/users\/100"}],"replies":[{"embeddable":true,"href":"https:\/\/carteblanche.media\/prohealth\/fr\/wp-json\/wp\/v2\/comments?post=4090"}],"version-history":[{"count":1,"href":"https:\/\/carteblanche.media\/prohealth\/fr\/wp-json\/wp\/v2\/pages\/4090\/revisions"}],"predecessor-version":[{"id":4329,"href":"https:\/\/carteblanche.media\/prohealth\/fr\/wp-json\/wp\/v2\/pages\/4090\/revisions\/4329"}],"wp:attachment":[{"href":"https:\/\/carteblanche.media\/prohealth\/fr\/wp-json\/wp\/v2\/media?parent=4090"}],"curies":[{"name":"wp","href":"https:\/\/api.w.org\/{rel}","templated":true}]}}