{"id":4197,"date":"2022-05-31T14:15:11","date_gmt":"2022-05-31T18:15:11","guid":{"rendered":"https:\/\/prohealthfinancial.ca\/consultation\/"},"modified":"2022-05-31T14:15:11","modified_gmt":"2022-05-31T18:15:11","slug":"consultation","status":"publish","type":"page","link":"https:\/\/carteblanche.media\/prohealth\/fr\/consultation\/","title":{"rendered":"Consultation"},"content":{"rendered":"\r\n<h1>Consultation<\/h1>\r\nNotre \u00e9quipe est disponible pour une consultation financi\u00e8re \u00e0 tout moment et \u00e0 n\u2019importe quel endroit que nos clients souhaitent. Nos services de consultation, tout comme nos services financiers, sont personnalis\u00e9s pour r\u00e9pondre \u00e0 vos besoins individuels. Rassurez-vous, que peu importe l\u2019endroit de notre r\u00e9union, Elle peut \u00eatre \u00e0 nos bureaux comme au bar du court de Squash, nous nous engageons tous et \u00e0 tout moment d\u2019assurer le succ\u00e8s et la long\u00e9vit\u00e9 de votre sant\u00e9 financi\u00e8re. Contactez-nous d\u00e8s aujourd\u2019hui pour une consultation financi\u00e8re \u00e0 Montr\u00e9al.\r\n\r\n<img decoding=\"async\" src=\"https:\/\/carteblanche.media\/prohealth\/wp-content\/uploads\/sites\/29\/2021\/01\/Bg-Green2-1920x200px.png\" alt=\"Bg-Green2-1920x200px\" \/> <img decoding=\"async\" src=\"https:\/\/carteblanche.media\/prohealth\/wp-content\/uploads\/sites\/29\/2021\/01\/White-top-1920x200px.png\" alt=\"White-top-1920x200px\" \/>\r\n\r\n<div class=\"forminator-ui forminator-custom-form forminator-custom-form-664 forminator-design--material  forminator_ajax\" data-forminator-render=\"0\" data-form=\"forminator-module-664\" data-uid=\"69e8a249d64e5\"><br\/><\/div><form\r\n\t\t\t\tid=\"forminator-module-664\"\r\n\t\t\t\tclass=\"forminator-ui forminator-custom-form forminator-custom-form-664 forminator-design--material  forminator_ajax\"\r\n\t\t\t\tmethod=\"post\"\r\n\t\t\t\tdata-forminator-render=\"0\"\r\n\t\t\t\tdata-form-id=\"664\"\r\n\t\t\t\t data-color-option=\"default\" data-design=\"material\" data-grid=\"open\" style=\"display: none;\"\r\n\t\t\t\tdata-uid=\"69e8a249d64e5\"\r\n\t\t\t><div role=\"alert\" aria-live=\"polite\" class=\"forminator-response-message forminator-error\" aria-hidden=\"true\"><\/div><div class=\"forminator-row\"><div id=\"name-1\" class=\"forminator-field-name forminator-col forminator-col-12 \"><div class=\"forminator-field\"><label for=\"forminator-field-name-1_69e8a249d64e5\" id=\"forminator-field-name-1_69e8a249d64e5-label\" class=\"forminator-label\">First Name <span class=\"forminator-required\">*<\/span><\/label><input type=\"text\" name=\"name-1\" value=\"\" placeholder=\"E.g. John\" id=\"forminator-field-name-1_69e8a249d64e5\" class=\"forminator-input forminator-name--field\" aria-required=\"true\" autocomplete=\"name\" \/><\/div><\/div><\/div><div class=\"forminator-row\"><div id=\"phone-1\" class=\"forminator-field-phone forminator-col forminator-col-12 \"><div class=\"forminator-field\"><label for=\"forminator-field-phone-1_69e8a249d64e5\" id=\"forminator-field-phone-1_69e8a249d64e5-label\" class=\"forminator-label\">Phone Number<\/label><input type=\"text\" name=\"phone-1\" value=\"\" placeholder=\"E.g. +1 3004005000\" id=\"forminator-field-phone-1_69e8a249d64e5\" class=\"forminator-input forminator-field--phone\" data-required=\"\" aria-required=\"false\" autocomplete=\"off\" \/><\/div><\/div><\/div><div class=\"forminator-row\"><div id=\"email-1\" class=\"forminator-field-email forminator-col forminator-col-12 \"><div class=\"forminator-field\"><label for=\"forminator-field-email-1_69e8a249d64e5\" id=\"forminator-field-email-1_69e8a249d64e5-label\" class=\"forminator-label\">Email Address <span class=\"forminator-required\">*<\/span><\/label><input type=\"email\" name=\"email-1\" value=\"\" placeholder=\"E.g. john@doe.com\" id=\"forminator-field-email-1_69e8a249d64e5\" class=\"forminator-input forminator-email--field\" data-required=\"true\" aria-required=\"true\" autocomplete=\"email\" \/><\/div><\/div><\/div><div class=\"forminator-row\"><div id=\"date-1\" class=\"forminator-field-date forminator-col forminator-col-12 \"><div class=\"forminator-field\"><label for=\"forminator-field-date-1-picker_69e8a249d64e5\" id=\"forminator-field-date-1-picker_69e8a249d64e5-label\" class=\"forminator-label\">Date of Birth<\/label><div class=\"forminator-input-with-icon\"><span class=\"forminator-icon-calendar\" aria-hidden=\"true\"><\/span><input autocomplete=\"off\" type=\"text\" size=\"1\" name=\"date-1\" value=\"\" placeholder=\"Choose Date\" id=\"forminator-field-date-1-picker_69e8a249d64e5\" class=\"forminator-input forminator-datepicker\" data-required=\"\" data-format=\"mm\/dd\/yy\" data-restrict-type=\"\" data-restrict=\"\" data-start-year=\"1926\" data-end-year=\"2126\" data-past-dates=\"enable\" data-start-of-week=\"1\" data-start-date=\"\" data-end-date=\"\" data-start-field=\"\" data-end-field=\"\" data-start-offset=\"\" data-end-offset=\"\" data-disable-date=\"\" data-disable-range=\"\" \/><\/div><\/div><\/div><\/div><div class=\"forminator-row\"><div id=\"radio-1\" class=\"forminator-field-radio forminator-col forminator-col-12 \"><div role=\"radiogroup\" class=\"forminator-field\" aria-labelledby=\"forminator-radiogroup-radio-1-69e8a249d64e5-label\" aria-describedby=\"forminator-radiogroup-radio-1-69e8a249d64e5-description\"><span id=\"forminator-radiogroup-radio-1-69e8a249d64e5-label\" class=\"forminator-label\">Income <span class=\"forminator-required\">*<\/span><\/span><label id=\"forminator-field-radio-1-label-1\" for=\"forminator-field-radio-1-1-69e8a249d64e5\" class=\"forminator-radio\" title=\"50k-100k\"><input type=\"radio\" name=\"radio-1\" value=\"50k100k\" id=\"forminator-field-radio-1-1-69e8a249d64e5\" aria-labelledby=\"forminator-field-radio-1-label-1\" data-calculation=\"0\"   aria-describedby=\"forminator-field-radio-1-69e8a249d64e5-description\"\/><span class=\"forminator-radio-bullet\" aria-hidden=\"true\"><\/span><span class=\"forminator-radio-label\">50k-100k<\/span><\/label><label id=\"forminator-field-radio-1-label-2\" for=\"forminator-field-radio-1-2-69e8a249d64e5\" class=\"forminator-radio\" title=\"100k-200k\"><input type=\"radio\" name=\"radio-1\" value=\"100k200k\" id=\"forminator-field-radio-1-2-69e8a249d64e5\" aria-labelledby=\"forminator-field-radio-1-label-2\" data-calculation=\"0\"   aria-describedby=\"forminator-field-radio-1-69e8a249d64e5-description\"\/><span class=\"forminator-radio-bullet\" aria-hidden=\"true\"><\/span><span class=\"forminator-radio-label\">100k-200k<\/span><\/label><label id=\"forminator-field-radio-1-label-3\" for=\"forminator-field-radio-1-3-69e8a249d64e5\" class=\"forminator-radio\" title=\"250k +\"><input type=\"radio\" name=\"radio-1\" value=\"250k\" id=\"forminator-field-radio-1-3-69e8a249d64e5\" aria-labelledby=\"forminator-field-radio-1-label-3\" data-calculation=\"0\"   aria-describedby=\"forminator-field-radio-1-69e8a249d64e5-description\"\/><span class=\"forminator-radio-bullet\" aria-hidden=\"true\"><\/span><span class=\"forminator-radio-label\">250k +<\/span><\/label><span id=\"forminator-radiogroup-radio-1-69e8a249d64e5-description\" class=\"forminator-description\">Please choose 1<\/span><\/div><\/div><\/div><div class=\"forminator-row\"><div id=\"radio-3\" class=\"forminator-field-radio forminator-col forminator-col-6 \"><div role=\"radiogroup\" class=\"forminator-field\" aria-labelledby=\"forminator-radiogroup-radio-3-69e8a249d64e5-label\"><span id=\"forminator-radiogroup-radio-3-69e8a249d64e5-label\" class=\"forminator-label\">Do you currently have an investment portfolio?<\/span><label id=\"forminator-field-radio-3-label-1\" for=\"forminator-field-radio-3-1-69e8a249d64e5\" class=\"forminator-radio\" title=\"Yes\"><input type=\"radio\" name=\"radio-3\" value=\"yes\" id=\"forminator-field-radio-3-1-69e8a249d64e5\" aria-labelledby=\"forminator-field-radio-3-label-1\" data-calculation=\"0\"  \/><span class=\"forminator-radio-bullet\" aria-hidden=\"true\"><\/span><span class=\"forminator-radio-label\">Yes<\/span><\/label><label id=\"forminator-field-radio-3-label-2\" for=\"forminator-field-radio-3-2-69e8a249d64e5\" class=\"forminator-radio\" title=\"No\"><input type=\"radio\" name=\"radio-3\" value=\"no\" id=\"forminator-field-radio-3-2-69e8a249d64e5\" aria-labelledby=\"forminator-field-radio-3-label-2\" data-calculation=\"0\"  \/><span class=\"forminator-radio-bullet\" aria-hidden=\"true\"><\/span><span class=\"forminator-radio-label\">No<\/span><\/label><\/div><\/div><div id=\"radio-2\" class=\"forminator-field-radio forminator-col forminator-col-6 \"><div role=\"radiogroup\" class=\"forminator-field\" aria-labelledby=\"forminator-radiogroup-radio-2-69e8a249d64e5-label\"><span id=\"forminator-radiogroup-radio-2-69e8a249d64e5-label\" class=\"forminator-label\">Do you currently have an insurance portfolio? <span class=\"forminator-required\">*<\/span><\/span><label id=\"forminator-field-radio-2-label-1\" for=\"forminator-field-radio-2-1-69e8a249d64e5\" class=\"forminator-radio\" title=\"Yes\"><input type=\"radio\" name=\"radio-2\" value=\"yes\" id=\"forminator-field-radio-2-1-69e8a249d64e5\" aria-labelledby=\"forminator-field-radio-2-label-1\" data-calculation=\"0\"  \/><span class=\"forminator-radio-bullet\" aria-hidden=\"true\"><\/span><span class=\"forminator-radio-label\">Yes<\/span><\/label><label id=\"forminator-field-radio-2-label-2\" for=\"forminator-field-radio-2-2-69e8a249d64e5\" class=\"forminator-radio\" title=\"No\"><input type=\"radio\" name=\"radio-2\" value=\"no\" id=\"forminator-field-radio-2-2-69e8a249d64e5\" aria-labelledby=\"forminator-field-radio-2-label-2\" data-calculation=\"0\"  \/><span class=\"forminator-radio-bullet\" aria-hidden=\"true\"><\/span><span class=\"forminator-radio-label\">No<\/span><\/label><\/div><\/div><\/div><div class=\"forminator-row\"><div id=\"radio-5\" class=\"forminator-field-radio forminator-col forminator-col-6 \"><div role=\"radiogroup\" class=\"forminator-field\" aria-labelledby=\"forminator-radiogroup-radio-5-69e8a249d64e5-label\"><span id=\"forminator-radiogroup-radio-5-69e8a249d64e5-label\" class=\"forminator-label\">Are you incorporated?<\/span><label id=\"forminator-field-radio-5-label-1\" for=\"forminator-field-radio-5-1-69e8a249d64e5\" class=\"forminator-radio\" title=\"Yes\"><input type=\"radio\" name=\"radio-5\" value=\"yes\" id=\"forminator-field-radio-5-1-69e8a249d64e5\" aria-labelledby=\"forminator-field-radio-5-label-1\" data-calculation=\"0\"  \/><span class=\"forminator-radio-bullet\" aria-hidden=\"true\"><\/span><span class=\"forminator-radio-label\">Yes<\/span><\/label><label id=\"forminator-field-radio-5-label-2\" for=\"forminator-field-radio-5-2-69e8a249d64e5\" class=\"forminator-radio\" title=\"No\"><input type=\"radio\" name=\"radio-5\" value=\"no\" id=\"forminator-field-radio-5-2-69e8a249d64e5\" aria-labelledby=\"forminator-field-radio-5-label-2\" data-calculation=\"0\"  \/><span class=\"forminator-radio-bullet\" aria-hidden=\"true\"><\/span><span class=\"forminator-radio-label\">No<\/span><\/label><\/div><\/div><div id=\"radio-4\" class=\"forminator-field-radio forminator-col forminator-col-6 \"><div role=\"radiogroup\" class=\"forminator-field\" aria-labelledby=\"forminator-radiogroup-radio-4-69e8a249d64e5-label\"><span id=\"forminator-radiogroup-radio-4-69e8a249d64e5-label\" class=\"forminator-label\">Do you have a mortgage?<\/span><label id=\"forminator-field-radio-4-label-1\" for=\"forminator-field-radio-4-1-69e8a249d64e5\" class=\"forminator-radio\" title=\"Yes\"><input type=\"radio\" name=\"radio-4\" value=\"yes\" id=\"forminator-field-radio-4-1-69e8a249d64e5\" aria-labelledby=\"forminator-field-radio-4-label-1\" data-calculation=\"0\"  \/><span class=\"forminator-radio-bullet\" aria-hidden=\"true\"><\/span><span class=\"forminator-radio-label\">Yes<\/span><\/label><label id=\"forminator-field-radio-4-label-2\" for=\"forminator-field-radio-4-2-69e8a249d64e5\" class=\"forminator-radio\" title=\"No\"><input type=\"radio\" name=\"radio-4\" value=\"no\" id=\"forminator-field-radio-4-2-69e8a249d64e5\" aria-labelledby=\"forminator-field-radio-4-label-2\" data-calculation=\"0\"  \/><span class=\"forminator-radio-bullet\" aria-hidden=\"true\"><\/span><span class=\"forminator-radio-label\">No<\/span><\/label><\/div><\/div><\/div><div class=\"forminator-row\"><div id=\"select-1\" class=\"forminator-field-select forminator-col forminator-col-12 \"><div class=\"forminator-field\"><label for=\"forminator-form-664__field--select-1_69e8a249d64e5\" id=\"forminator-form-664__field--select-1_69e8a249d64e5-label\" class=\"forminator-label\">Select<\/label><select  id=\"forminator-form-664__field--select-1_69e8a249d64e5\" class=\"forminator-select--field forminator-select2 forminator-select2-multiple\" data-required=\"\" name=\"select-1\" data-default-value=\"\" data-placeholder=\"Service of interest\" data-search=\"false\" data-search-placeholder=\"Service of interest\" data-checkbox=\"false\" data-allow-clear=\"false\" aria-labelledby=\"forminator-form-664__field--select-1_69e8a249d64e5-label\"><option value=\"\"  >Service of interest<\/option><option value=\"insurance\"  data-calculation=\"0\">Insurance<\/option><option value=\"travel-insurance\"  data-calculation=\"0\">Travel Insurance<\/option><option value=\"financial-planning\"  data-calculation=\"0\">Financial Planning<\/option><option value=\"estate-planning\"  data-calculation=\"0\">Estate Planning<\/option><option value=\"investing\"  data-calculation=\"0\">Investing<\/option><\/select><\/div><\/div><\/div><div class=\"forminator-row\"><div id=\"textarea-1\" class=\"forminator-field-textarea forminator-col forminator-col-12 \"><div class=\"forminator-field\"><label for=\"forminator-field-textarea-1_69e8a249d64e5\" id=\"forminator-field-textarea-1_69e8a249d64e5-label\" class=\"forminator-label\">Message<\/label><textarea name=\"textarea-1\" placeholder=\"Enter your message...\" id=\"forminator-field-textarea-1_69e8a249d64e5\" class=\"forminator-textarea\" rows=\"6\" style=\"--forminator-textarea-min-height:140px;\" maxlength=\"180\" ><\/textarea><span id=\"forminator-field-textarea-1_69e8a249d64e5-description\" class=\"forminator-description\"><span data-limit=\"180\" data-type=\"characters\" data-editor=\"\">0 \/ 180<\/span><\/span><\/div><\/div><\/div><div class=\"forminator-row\"><div id=\"captcha-1\" class=\"forminator-field-captcha forminator-col forminator-col-12 \"><div class=\"forminator-captcha-left forminator-g-recaptcha recaptcha-invisible\" data-theme=\"light\" data-badge=\"inline\" data-sitekey=\"6Ldud3AaAAAAAB1uQFw0mheJiZYFnXa_nzJ1sj_Y\" data-size=\"invisible\"><\/div> <\/div><\/div><input type=\"hidden\" name=\"referer_url\" value=\"\" \/><div class=\"forminator-row forminator-row-last\"><div class=\"forminator-col\"><div class=\"forminator-field\"><button class=\"forminator-button forminator-button-submit\"><span>Send Message<\/span><span aria-hidden=\"true\"><\/span><\/button><\/div><\/div><\/div><input type=\"hidden\" id=\"forminator_nonce\" name=\"forminator_nonce\" value=\"279780f10f\" \/><input type=\"hidden\" name=\"_wp_http_referer\" value=\"\/prohealth\/fr\/wp-json\/wp\/v2\/pages\/4197\" \/><input type=\"hidden\" name=\"form_id\" value=\"664\"><input type=\"hidden\" name=\"page_id\" value=\"4197\"><input type=\"hidden\" name=\"form_type\" value=\"default\"><input type=\"hidden\" name=\"current_url\" value=\"https:\/\/carteblanche.media\/prohealth\/fr\/consultation\/\"><input type=\"hidden\" name=\"render_id\" value=\"0\"><input type=\"hidden\" name=\"action\" value=\"forminator_submit_form_custom-forms\"><\/form>\r\n\r\n","protected":false},"excerpt":{"rendered":"<p>Consultation Notre \u00e9quipe est disponible pour une consultation financi\u00e8re \u00e0 tout moment et \u00e0 n\u2019importe quel endroit que nos clients souhaitent. Nos services de consultation, tout comme nos services financiers, sont personnalis\u00e9s pour r\u00e9pondre \u00e0 vos besoins individuels. Rassurez-vous, que peu importe l\u2019endroit de notre r\u00e9union, Elle peut \u00eatre \u00e0 nos bureaux comme au bar&hellip;<\/p>\n","protected":false},"author":100,"featured_media":0,"parent":0,"menu_order":0,"comment_status":"closed","ping_status":"closed","template":"","meta":{"footnotes":""},"class_list":["post-4197","page","type-page","status-publish","hentry"],"yoast_head":"<!-- This site is optimized with the Yoast SEO plugin v26.8 - https:\/\/yoast.com\/product\/yoast-seo-wordpress\/ -->\n<title>Consultation financi\u00e8re \u00e0 Montr\u00e9al | Pro Health Financial - Montreal Investment &amp; Insurance Broker of Choice<\/title>\n<meta name=\"description\" content=\"Notre \u00e9quipe s&#039;engage \u00e0 assurer votre r\u00e9ussite financi\u00e8re et votre long\u00e9vit\u00e9, o\u00f9 qu&#039;elles se trouvent. R\u00e9servez une consultation financi\u00e8re \u00e0 Montr\u00e9al d\u00e8s aujourd&#039;hui.\" \/>\n<meta name=\"robots\" content=\"index, follow, max-snippet:-1, max-image-preview:large, max-video-preview:-1\" \/>\n<link rel=\"canonical\" href=\"https:\/\/carteblanche.media\/prohealth\/fr\/consultation\/\" \/>\n<meta property=\"og:locale\" content=\"fr_FR\" \/>\n<meta property=\"og:type\" content=\"article\" \/>\n<meta property=\"og:title\" content=\"Consultation financi\u00e8re \u00e0 Montr\u00e9al | Pro Health Financial - Montreal Investment &amp; Insurance Broker of Choice\" \/>\n<meta property=\"og:description\" content=\"Notre \u00e9quipe s&#039;engage \u00e0 assurer votre r\u00e9ussite financi\u00e8re et votre long\u00e9vit\u00e9, o\u00f9 qu&#039;elles se trouvent. R\u00e9servez une consultation financi\u00e8re \u00e0 Montr\u00e9al d\u00e8s aujourd&#039;hui.\" \/>\n<meta property=\"og:url\" content=\"https:\/\/carteblanche.media\/prohealth\/fr\/consultation\/\" \/>\n<meta property=\"og:site_name\" content=\"Pro Health Financial - Montreal Investment &amp; Insurance Broker of Choice\" \/>\n<meta property=\"og:image\" content=\"https:\/\/carteblanche.media\/prohealth\/wp-content\/uploads\/sites\/29\/2021\/01\/Bg-Green2-1920x200px.png\" \/>\n<meta name=\"twitter:card\" content=\"summary_large_image\" \/>\n<script type=\"application\/ld+json\" class=\"yoast-schema-graph\">{\"@context\":\"https:\/\/schema.org\",\"@graph\":[{\"@type\":\"WebPage\",\"@id\":\"https:\/\/carteblanche.media\/prohealth\/fr\/consultation\/\",\"url\":\"https:\/\/carteblanche.media\/prohealth\/fr\/consultation\/\",\"name\":\"Consultation financi\u00e8re \u00e0 Montr\u00e9al | Pro Health Financial - Montreal Investment & Insurance Broker of Choice\",\"isPartOf\":{\"@id\":\"https:\/\/carteblanche.media\/prohealth\/#website\"},\"primaryImageOfPage\":{\"@id\":\"https:\/\/carteblanche.media\/prohealth\/fr\/consultation\/#primaryimage\"},\"image\":{\"@id\":\"https:\/\/carteblanche.media\/prohealth\/fr\/consultation\/#primaryimage\"},\"thumbnailUrl\":\"https:\/\/carteblanche.media\/prohealth\/wp-content\/uploads\/sites\/29\/2021\/01\/Bg-Green2-1920x200px.png\",\"datePublished\":\"2022-05-31T18:15:11+00:00\",\"description\":\"Notre \u00e9quipe s'engage \u00e0 assurer votre r\u00e9ussite financi\u00e8re et votre long\u00e9vit\u00e9, o\u00f9 qu'elles se trouvent. R\u00e9servez une consultation financi\u00e8re \u00e0 Montr\u00e9al d\u00e8s aujourd'hui.\",\"breadcrumb\":{\"@id\":\"https:\/\/carteblanche.media\/prohealth\/fr\/consultation\/#breadcrumb\"},\"inLanguage\":\"fr-FR\",\"potentialAction\":[{\"@type\":\"ReadAction\",\"target\":[\"https:\/\/carteblanche.media\/prohealth\/fr\/consultation\/\"]}]},{\"@type\":\"ImageObject\",\"inLanguage\":\"fr-FR\",\"@id\":\"https:\/\/carteblanche.media\/prohealth\/fr\/consultation\/#primaryimage\",\"url\":\"https:\/\/carteblanche.media\/prohealth\/wp-content\/uploads\/sites\/29\/2021\/01\/Bg-Green2-1920x200px.png\",\"contentUrl\":\"https:\/\/carteblanche.media\/prohealth\/wp-content\/uploads\/sites\/29\/2021\/01\/Bg-Green2-1920x200px.png\"},{\"@type\":\"BreadcrumbList\",\"@id\":\"https:\/\/carteblanche.media\/prohealth\/fr\/consultation\/#breadcrumb\",\"itemListElement\":[{\"@type\":\"ListItem\",\"position\":1,\"name\":\"Home\",\"item\":\"https:\/\/carteblanche.media\/prohealth\/fr\/\"},{\"@type\":\"ListItem\",\"position\":2,\"name\":\"Consultation\"}]},{\"@type\":\"WebSite\",\"@id\":\"https:\/\/carteblanche.media\/prohealth\/#website\",\"url\":\"https:\/\/carteblanche.media\/prohealth\/\",\"name\":\"Pro Health Financial - Montreal Investment & Insurance Broker of Choice\",\"description\":\"Pro Health Financial\",\"potentialAction\":[{\"@type\":\"SearchAction\",\"target\":{\"@type\":\"EntryPoint\",\"urlTemplate\":\"https:\/\/carteblanche.media\/prohealth\/?s={search_term_string}\"},\"query-input\":{\"@type\":\"PropertyValueSpecification\",\"valueRequired\":true,\"valueName\":\"search_term_string\"}}],\"inLanguage\":\"fr-FR\"}]}<\/script>\n<!-- \/ Yoast SEO plugin. -->","yoast_head_json":{"title":"Consultation financi\u00e8re \u00e0 Montr\u00e9al | Pro Health Financial - Montreal Investment & Insurance Broker of Choice","description":"Notre \u00e9quipe s'engage \u00e0 assurer votre r\u00e9ussite financi\u00e8re et votre long\u00e9vit\u00e9, o\u00f9 qu'elles se trouvent. R\u00e9servez une consultation financi\u00e8re \u00e0 Montr\u00e9al d\u00e8s aujourd'hui.","robots":{"index":"index","follow":"follow","max-snippet":"max-snippet:-1","max-image-preview":"max-image-preview:large","max-video-preview":"max-video-preview:-1"},"canonical":"https:\/\/carteblanche.media\/prohealth\/fr\/consultation\/","og_locale":"fr_FR","og_type":"article","og_title":"Consultation financi\u00e8re \u00e0 Montr\u00e9al | Pro Health Financial - Montreal Investment & Insurance Broker of Choice","og_description":"Notre \u00e9quipe s'engage \u00e0 assurer votre r\u00e9ussite financi\u00e8re et votre long\u00e9vit\u00e9, o\u00f9 qu'elles se trouvent. R\u00e9servez une consultation financi\u00e8re \u00e0 Montr\u00e9al d\u00e8s aujourd'hui.","og_url":"https:\/\/carteblanche.media\/prohealth\/fr\/consultation\/","og_site_name":"Pro Health Financial - Montreal Investment & Insurance Broker of Choice","og_image":[{"url":"https:\/\/carteblanche.media\/prohealth\/wp-content\/uploads\/sites\/29\/2021\/01\/Bg-Green2-1920x200px.png","type":"","width":"","height":""}],"twitter_card":"summary_large_image","schema":{"@context":"https:\/\/schema.org","@graph":[{"@type":"WebPage","@id":"https:\/\/carteblanche.media\/prohealth\/fr\/consultation\/","url":"https:\/\/carteblanche.media\/prohealth\/fr\/consultation\/","name":"Consultation financi\u00e8re \u00e0 Montr\u00e9al | Pro Health Financial - Montreal Investment & Insurance Broker of Choice","isPartOf":{"@id":"https:\/\/carteblanche.media\/prohealth\/#website"},"primaryImageOfPage":{"@id":"https:\/\/carteblanche.media\/prohealth\/fr\/consultation\/#primaryimage"},"image":{"@id":"https:\/\/carteblanche.media\/prohealth\/fr\/consultation\/#primaryimage"},"thumbnailUrl":"https:\/\/carteblanche.media\/prohealth\/wp-content\/uploads\/sites\/29\/2021\/01\/Bg-Green2-1920x200px.png","datePublished":"2022-05-31T18:15:11+00:00","description":"Notre \u00e9quipe s'engage \u00e0 assurer votre r\u00e9ussite financi\u00e8re et votre long\u00e9vit\u00e9, o\u00f9 qu'elles se trouvent. R\u00e9servez une consultation financi\u00e8re \u00e0 Montr\u00e9al d\u00e8s aujourd'hui.","breadcrumb":{"@id":"https:\/\/carteblanche.media\/prohealth\/fr\/consultation\/#breadcrumb"},"inLanguage":"fr-FR","potentialAction":[{"@type":"ReadAction","target":["https:\/\/carteblanche.media\/prohealth\/fr\/consultation\/"]}]},{"@type":"ImageObject","inLanguage":"fr-FR","@id":"https:\/\/carteblanche.media\/prohealth\/fr\/consultation\/#primaryimage","url":"https:\/\/carteblanche.media\/prohealth\/wp-content\/uploads\/sites\/29\/2021\/01\/Bg-Green2-1920x200px.png","contentUrl":"https:\/\/carteblanche.media\/prohealth\/wp-content\/uploads\/sites\/29\/2021\/01\/Bg-Green2-1920x200px.png"},{"@type":"BreadcrumbList","@id":"https:\/\/carteblanche.media\/prohealth\/fr\/consultation\/#breadcrumb","itemListElement":[{"@type":"ListItem","position":1,"name":"Home","item":"https:\/\/carteblanche.media\/prohealth\/fr\/"},{"@type":"ListItem","position":2,"name":"Consultation"}]},{"@type":"WebSite","@id":"https:\/\/carteblanche.media\/prohealth\/#website","url":"https:\/\/carteblanche.media\/prohealth\/","name":"Pro Health Financial - Montreal Investment & Insurance Broker of Choice","description":"Pro Health Financial","potentialAction":[{"@type":"SearchAction","target":{"@type":"EntryPoint","urlTemplate":"https:\/\/carteblanche.media\/prohealth\/?s={search_term_string}"},"query-input":{"@type":"PropertyValueSpecification","valueRequired":true,"valueName":"search_term_string"}}],"inLanguage":"fr-FR"}]}},"_links":{"self":[{"href":"https:\/\/carteblanche.media\/prohealth\/fr\/wp-json\/wp\/v2\/pages\/4197","targetHints":{"allow":["GET"]}}],"collection":[{"href":"https:\/\/carteblanche.media\/prohealth\/fr\/wp-json\/wp\/v2\/pages"}],"about":[{"href":"https:\/\/carteblanche.media\/prohealth\/fr\/wp-json\/wp\/v2\/types\/page"}],"author":[{"embeddable":true,"href":"https:\/\/carteblanche.media\/prohealth\/fr\/wp-json\/wp\/v2\/users\/100"}],"replies":[{"embeddable":true,"href":"https:\/\/carteblanche.media\/prohealth\/fr\/wp-json\/wp\/v2\/comments?post=4197"}],"version-history":[{"count":1,"href":"https:\/\/carteblanche.media\/prohealth\/fr\/wp-json\/wp\/v2\/pages\/4197\/revisions"}],"predecessor-version":[{"id":4330,"href":"https:\/\/carteblanche.media\/prohealth\/fr\/wp-json\/wp\/v2\/pages\/4197\/revisions\/4330"}],"wp:attachment":[{"href":"https:\/\/carteblanche.media\/prohealth\/fr\/wp-json\/wp\/v2\/media?parent=4197"}],"curies":[{"name":"wp","href":"https:\/\/api.w.org\/{rel}","templated":true}]}}