{"id":4199,"date":"2022-05-31T14:15:11","date_gmt":"2022-05-31T18:15:11","guid":{"rendered":"https:\/\/prohealthfinancial.ca\/accueil\/"},"modified":"2022-05-31T14:15:11","modified_gmt":"2022-05-31T18:15:11","slug":"accueil","status":"publish","type":"page","link":"https:\/\/carteblanche.media\/prohealth\/fr\/","title":{"rendered":"Accueil"},"content":{"rendered":"<h1>\n\t\tChoosing The Right Path\n\t<\/h1>\n<h2>\n\t\tKnowing what to do with your money to ensure your personal or professional financial independence can seem like a challenge. Insurance, investing, and financial planning are our strengths we use to ensure your financial freedom. \n\t<\/h2>\n\t\t\t<a href=\"https:\/\/carteblanche.media\/prohealth\/fr\/consultation\/\" target=\"_self\" role=\"button\" rel=\"noopener\">\n\t\t\t\t\t\t\tRequest a consultation\n\t\t\t\t\t<\/a>\n\t\t<img decoding=\"async\" src=\"https:\/\/carteblanche.media\/prohealth\/wp-content\/uploads\/sites\/42\/2021\/01\/White-top-1920x200px.png\" alt=\"White-top-1920x200px\" itemprop=\"image\"\/>\n\t\t\t\t<img decoding=\"async\" src=\"https:\/\/carteblanche.media\/prohealth\/wp-content\/uploads\/sites\/42\/2021\/01\/Our-Services_676x350px.jpg\" alt=\"insurance investing and financial planning montreal\" title=\"Our-Services_676x350px\" itemprop=\"image\"  \/>\n\t\t<h2>Our <\/br> Financial Services<\/h2>\n\t\t\t\n\t<p>Let&rsquo;s talk today and secure your tomorrow. We&rsquo;ll take care of all your insurance, investing, and financial planning needs. Plan your financial freedom with one of our specialists.<\/p>\n\t\t\t\t<img decoding=\"async\" src=\"https:\/\/carteblanche.media\/prohealth\/wp-content\/uploads\/sites\/42\/2020\/12\/Buisness-Services-Icon-3.png\" alt=\"Buisness-Services-Icon-3\" title=\"Buisness-Services-Icon-3\" itemprop=\"image\"\/>\n\t\t<h3>Business Services<\/h3>\t\t\t\n\t\t\t\t\n\t\t\t<a href=\"https:\/\/carteblanche.media\/prohealth\/fr\/services-financiers-aux-entreprises\/\" target=\"_self\" role=\"button\" rel=\"noopener\">\n\t\t\t\t\t\t\tGet Started\n\t\t<\/a>\n\t\t\t\t<img decoding=\"async\" src=\"https:\/\/carteblanche.media\/prohealth\/wp-content\/uploads\/sites\/42\/2020\/12\/Personal-Services-Icon.png\" alt=\"Personal-Services-Icon\" title=\"Personal-Services-Icon\" itemprop=\"image\"\/>\n\t\t<h3>Personal Services<\/h3>\t\t\t\n\t\t\t\t\n\t\t\t<a href=\"https:\/\/carteblanche.media\/prohealth\/fr\/services-personnels\/\" target=\"_self\" role=\"button\" rel=\"noopener\">\n\t\t\t\t\t\t\tGet Started\n\t\t<\/a>\n\t\t\t\t<img decoding=\"async\" src=\"https:\/\/carteblanche.media\/prohealth\/wp-content\/uploads\/sites\/42\/2021\/01\/Our-Services_2@2x.png\" alt=\"insurance, investment, and financial planning montreal\" itemprop=\"image\" title=\"Our-Services_2@2x\" onerror=\"this.style.display='none'\"  \/>\n\t\t\t\t<img decoding=\"async\" src=\"https:\/\/carteblanche.media\/prohealth\/wp-content\/uploads\/sites\/42\/2021\/01\/Our-Philosophy_676x350px.jpg\" alt=\"insurance investing and financial planning montreal\" title=\"Our-Philosophy_676x350px\" itemprop=\"image\"  \/>\n\t\t<h3>Who <\/br>We Are<\/h3>\n\t\t\t<p>We are a team of financial experts comprised of financial risk\/wealth advisors, tax experts, accountants, and lawyers who collectively have over 80 years of experience in the business world.<\/p>\n\t\t<nav>\n\t\t\t<ul>\n\t\t\t\t\t\t\t\t<li data-index=\"0\">\n\t\t\t\t\t<h4>\n\t\t\t\t\t\t<a href=\"javascript:void(0);\">01 <\/a>\n\t\t\t\t\t<\/h4>\n\t\t\t\t<\/li>\n\t\t\t\t\t\t\t\t<li data-index=\"1\">\n\t\t\t\t\t<h4>\n\t\t\t\t\t\t<a href=\"javascript:void(0);\">02<\/a>\n\t\t\t\t\t<\/h4>\n\t\t\t\t<\/li>\n\t\t\t\t\t\t\t\t<li data-index=\"2\">\n\t\t\t\t\t<h4>\n\t\t\t\t\t\t<a href=\"javascript:void(0);\">03<\/a>\n\t\t\t\t\t<\/h4>\n\t\t\t\t<\/li>\n\t\t\t\t\t\t\t<\/ul>\n\t\t<\/nav>\n\t\t\t\t\t<p>Customized To<br \/>Your Needs<\/p>\n<p>Our team of specialists will take the time to sit with you in order to properly assess your needs and create an individualized solution. <\/p>\n\t\t\t\t\t<p>Personalized Support<\/p>\nOur goal is to provide you with exceptional personalized service every step of the way. Your prosperity and unquestionable satisfaction is our ultimate aim.\n\t\t\t\t\t<p>Fast Service<\/p>\nAs we understand the importance of your financial security and growth, we strive to offer a quick turnaround time so you remain up to date.\n\t\t\t\t\t<!-- \/content -->\n\t<!-- \/tabs -->\n\t\t<img decoding=\"async\" src=\"https:\/\/carteblanche.media\/prohealth\/wp-content\/uploads\/sites\/42\/2021\/01\/Who-we-are_Our-Philosophy_1.jpg\" alt=\"insurance investing and financial planning montreal\" itemprop=\"image\"\/>\n\t\t\t\t<img decoding=\"async\" src=\"https:\/\/carteblanche.media\/prohealth\/wp-content\/uploads\/sites\/42\/2021\/01\/Testimonal_415x800px.png\" alt=\"Testimonal_415x800px\" title=\"Testimonal_415x800px\" itemprop=\"image\"\/>\n\t\t<nav>\n\t\t\t<ul>\n\t\t\t\t\t\t\t\t<li data-index=\"0\">\n\t\t\t\t\t<h4>\n\t\t\t\t\t\t<a href=\"javascript:void(0);\">01 <\/a>\n\t\t\t\t\t<\/h4>\n\t\t\t\t<\/li>\n\t\t\t\t\t\t\t\t<li data-index=\"1\">\n\t\t\t\t\t<h4>\n\t\t\t\t\t\t<a href=\"javascript:void(0);\">02<\/a>\n\t\t\t\t\t<\/h4>\n\t\t\t\t<\/li>\n\t\t\t\t\t\t\t\t<li data-index=\"2\">\n\t\t\t\t\t<h4>\n\t\t\t\t\t\t<a href=\"javascript:void(0);\">03<\/a>\n\t\t\t\t\t<\/h4>\n\t\t\t\t<\/li>\n\t\t\t\t\t\t\t<\/ul>\n\t\t<\/nav>\n\t\t\t\t\t<p>What Our Customers Are Saying<\/p>\n\u201cJustin is extremely passionate, very easy to work with. It&rsquo;s very obvious that he loves what he does, he takes the time to explain everything in detail and ensures that we&rsquo;re not left with any uncertainties. Extremely cordial, professional and flexible; will always go above and beyond to respect our schedule.\u201d\n<p><strong><\/p>\n<p><style=\"font-size: 16px; font-weight: 600; color: #ffffff; line-height: 2;\">Dr Quian.<\/p>\n<p><\/strong><\/p>\n\t\t\t\t\t<p>What Our Customers Are Saying<\/p>\n\u201cWhen I met Justin I was a bit disillusioned by insurance brokers&#8230;we met, and immediately he looked over my situation, was able to get me life insurance at half the cost I was paying. He&rsquo;s helped me learn to save my money and how to best invest it. He found a great plan for me to put away money for my son that I can eventually gift to him. In short, Justin really is a trusted advisor and who I call first whenever I have a financial question.\u201d\n<p><strong><\/p>\n<p><style=\"font-size: 16px; font-weight: 600; color: #ffffff; line-height: 2;\">Stephanie D.<\/p>\n<p><\/strong><\/p>\n\t\t\t\t\t<p>What Our Customers Are Saying<\/p>\n\u201cI never realized the importance of having critical health insurance until this pandemic became a part of our everyday reality. The last thing I&rsquo;d want is to have to use it, but thanks to Justin I was able to understand the necessity of setting up a defensive plan just in case.  Now I know, that if something happened, at least my family will not be burdened by the financial strain it would cost without coverage. He was extremely informative, professional and always made me feel valued.\u201d\n<p><strong><\/p>\n<p><style=\"font-size: 16px; font-weight: 600; color: #ffffff; line-height: 2;\">Danny B<\/p>\n<p><\/strong><\/p>\n\t\t\t\t\t<!-- \/content -->\n\t<!-- \/tabs -->\n\t\t\t\t<img decoding=\"async\" src=\"https:\/\/carteblanche.media\/prohealth\/wp-content\/uploads\/sites\/42\/2021\/01\/Testimonal_415x800px.png\" alt=\"Testimonal_415x800px\" title=\"Testimonal_415x800px\" itemprop=\"image\"\/>\n\t\t\t\t<img decoding=\"async\" src=\"https:\/\/carteblanche.media\/prohealth\/wp-content\/uploads\/sites\/42\/2021\/01\/Testimonal_cell.png\" alt=\"Testimonal_cell\" title=\"Testimonal_cell\" itemprop=\"image\"\/>\n\t\t<nav>\n\t\t\t<ul>\n\t\t\t\t\t\t\t\t<li data-index=\"0\">\n\t\t\t\t\t<h4>\n\t\t\t\t\t\t<a href=\"javascript:void(0);\">01 <\/a>\n\t\t\t\t\t<\/h4>\n\t\t\t\t<\/li>\n\t\t\t\t\t\t\t\t<li data-index=\"1\">\n\t\t\t\t\t<h4>\n\t\t\t\t\t\t<a href=\"javascript:void(0);\">02<\/a>\n\t\t\t\t\t<\/h4>\n\t\t\t\t<\/li>\n\t\t\t\t\t\t\t\t<li data-index=\"2\">\n\t\t\t\t\t<h4>\n\t\t\t\t\t\t<a href=\"javascript:void(0);\">03<\/a>\n\t\t\t\t\t<\/h4>\n\t\t\t\t<\/li>\n\t\t\t\t\t\t\t<\/ul>\n\t\t<\/nav>\n\t\t\t\t\t<p>What Our Customers Are Saying<\/p>\n\u201cJustin is extremely passionate, very easy to work with. It&rsquo;s very obvious that he loves what he does, he takes the time to explain everything in detail and ensures that we&rsquo;re not left with any uncertainties. Extremely cordial, professional and flexible; will always go above and beyond to respect our schedule. \u201d\n<p><strong><\/p>\n<p><style=\"font-size: 16px; font-weight: 600; color: #ffffff; line-height: 2;\">Dr Qian<\/p>\n<p><\/strong><\/p>\n\t\t\t\t\t<p>What Our Customers Are Saying<\/p>\n\u201cWhen I met Justin I was a bit disillusioned by insurance brokers&#8230;we met, and immediately he looked over my situation, was able to get me life insurance at half the cost I was paying. He&rsquo;s helped me learn to save my money and how to best invest it. He found a great plan for me to put away money for my son that I can eventually gift to him. In short, Justin really is a trusted advisor and who I call first whenever I have a financial question.\u201d\n<p><strong><\/p>\n<p><style=\"font-size: 16px; font-weight: 600; color: #ffffff; line-height: 2;\">Stephanie D.<\/p>\n<p><\/strong><\/p>\n\t\t\t\t\t<p>What Our Customers Are Saying<\/p>\n\u201cI never realized the importance of having critical health insurance until this pandemic became a part of our everyday reality. The last thing I&rsquo;d want is to have to use it, but thanks to Justin I was able to understand the necessity of setting up a defensive plan just in case.  Now I know, that if something happened, at least my family will not be burdened by the financial strain it would cost without coverage. He was extremely informative, professional and always made me feel valued.\u201d\n<p><strong><\/p>\n<p><style=\"font-size: 16px; font-weight: 600; color: #ffffff; line-height: 2;\">Danny B.<\/p>\n<p><\/strong><\/p>\n\t\t\t\t\t<!-- \/content -->\n\t<!-- \/tabs -->\n\t\t<h4>How It Works<\/h4>\n\t\t\t<h2>Apply In Three Easy Steps <\/h2>\n\t\t\t\t<img decoding=\"async\" alt=\"\" src=\"https:\/\/carteblanche.media\/prohealth\/wp-content\/uploads\/sites\/42\/2021\/01\/Meeting-Icon_4.png\">\n\t\t<h3><\/h3>\n\t\t\t<p><\/br><\/p>\n<p><\/br><\/p>\n<p><\/br><\/p>\n<p><\/br><\/p>\n<p><\/br><\/p>\n<p><\/br><\/p>\n<p><\/br><\/p>\n\t<h3>\n\t\t\t\tMeeting\n\t\t\t<\/h3>\n\t\t<p>Every custom solution starts with a needs assessment. Whether it&rsquo;s insurance, investing, and financial planning, our team of experts will ask you the necessary questions to provide you with a proper plan to protect your future. <\/p>\n\t\t\t\t<img decoding=\"async\" alt=\"\" src=\"https:\/\/carteblanche.media\/prohealth\/wp-content\/uploads\/sites\/42\/2021\/01\/Timing-Icon_3.png\">\n\t\t<h3><\/h3>\n\t\t\t<p><\/br><\/p>\n<p><\/br><\/p>\n<p><\/br><\/p>\n<p><\/br><\/p>\n<p><\/br><\/p>\n<p><\/br><\/p>\n<p><\/br><\/p>\n\t<h3>\n\t\t\t\tTiming\n\t\t\t<\/h3>\n\t\t<p>We value your time above all. For that reason, our specialists will provide proactive advice and solutions that ensure every conversation adds value and yields results that are tailored towards your financial goals. <\/p>\n\t\t\t\t<img decoding=\"async\" alt=\"\" src=\"https:\/\/carteblanche.media\/prohealth\/wp-content\/uploads\/sites\/42\/2021\/01\/Implementing-Icon-1.png\">\n\t\t<h3><\/h3>\n\t\t\t<p><\/br><\/p>\n<p><\/br><\/p>\n<p><\/br><\/p>\n<p><\/br><\/p>\n<p><\/br><\/p>\n<p><\/br><\/p>\n<p><\/br><\/p>\n\t<h3>\n\t\t\t\tImplementing\n\t\t\t<\/h3>\n\t\t<p>Once your strategy is defined, we will make the necessary adjustments to facilitate the transition and establish milestones so you can see your plan come to fruition. <\/p>\n\t\t<img decoding=\"async\" src=\"https:\/\/carteblanche.media\/prohealth\/wp-content\/uploads\/sites\/42\/2021\/01\/White-Green-1920x200px.png\" alt=\"White-Green-1920x200px\" itemprop=\"image\"\/>\n<h3>\n\t\tRequest a Consultation \n\t<\/h3>\n\t<p>Contact one of our financial planners in Montreal.<\/p>\n\t\t\t<a href=\"https:\/\/carteblanche.media\/prohealth\/fr\/consultation\/\" target=\"_self\" role=\"button\" rel=\"noopener\">\n\t\t\t\t\t\t\tGet Started\n\t\t\t\t\t<\/a>\n\t\t\t\t<img decoding=\"async\" src=\"https:\/\/carteblanche.media\/prohealth\/wp-content\/uploads\/sites\/29\/2021\/03\/Contact-Pro-Health-Financial-for-your-Economic-Needs-scaled.jpg\" alt=\"Contact-Pro-Health-Financial-for-your-Economic-Needs\" title=\"Contact-Pro-Health-Financial-for-your-Economic-Needs\" itemprop=\"image\"  \/>\n","protected":false},"excerpt":{"rendered":"<p>Choosing The Right Path Knowing what to do with your money to ensure your personal or professional financial independence can seem like a challenge. Insurance, investing, and financial planning are our strengths we use to ensure your financial freedom. Request a consultation Our Financial Services Let&rsquo;s talk today and secure your tomorrow. We&rsquo;ll take care&hellip;<\/p>\n","protected":false},"author":100,"featured_media":0,"parent":0,"menu_order":0,"comment_status":"closed","ping_status":"closed","template":"","meta":{"footnotes":""},"class_list":["post-4199","page","type-page","status-publish","hentry"],"yoast_head":"<!-- This site is optimized with the Yoast SEO plugin v26.8 - https:\/\/yoast.com\/product\/yoast-seo-wordpress\/ -->\n<title>Assurance, investissement et planification financi\u00e8re |Pro Health Financial - Montreal Investment &amp; Insurance Broker of Choice<\/title>\n<meta name=\"description\" content=\"Savoir comment assurer la libert\u00e9 financi\u00e8re peut \u00eatre un d\u00e9fi, laissez-nous nous occuper de tous vos besoins en mati\u00e8re d&#039;assurance, d&#039;investissement et de planification financi\u00e8re.\" \/>\n<meta name=\"robots\" content=\"index, follow, max-snippet:-1, max-image-preview:large, max-video-preview:-1\" \/>\n<link rel=\"canonical\" href=\"https:\/\/carteblanche.media\/prohealth\/fr\/\" \/>\n<meta property=\"og:locale\" content=\"fr_FR\" \/>\n<meta property=\"og:type\" content=\"article\" \/>\n<meta property=\"og:title\" content=\"Assurance, investissement et planification financi\u00e8re |Pro Health Financial - Montreal Investment &amp; Insurance Broker of Choice\" \/>\n<meta property=\"og:description\" content=\"Savoir comment assurer la libert\u00e9 financi\u00e8re peut \u00eatre un d\u00e9fi, laissez-nous nous occuper de tous vos besoins en mati\u00e8re d&#039;assurance, d&#039;investissement et de planification financi\u00e8re.\" \/>\n<meta property=\"og:url\" content=\"https:\/\/carteblanche.media\/prohealth\/fr\/\" \/>\n<meta property=\"og:site_name\" content=\"Pro Health Financial - Montreal Investment &amp; Insurance Broker of Choice\" \/>\n<meta property=\"og:image\" content=\"https:\/\/carteblanche.media\/prohealth\/wp-content\/uploads\/sites\/29\/2021\/01\/White-top-1920x200px.png\" \/>\n<meta name=\"twitter:card\" content=\"summary_large_image\" \/>\n<meta name=\"twitter:label1\" content=\"Dur\u00e9e de lecture estim\u00e9e\" \/>\n\t<meta name=\"twitter:data1\" content=\"4 minutes\" \/>\n<script type=\"application\/ld+json\" class=\"yoast-schema-graph\">{\"@context\":\"https:\/\/schema.org\",\"@graph\":[{\"@type\":\"WebPage\",\"@id\":\"https:\/\/carteblanche.media\/prohealth\/fr\/\",\"url\":\"https:\/\/carteblanche.media\/prohealth\/fr\/\",\"name\":\"Assurance, investissement et planification financi\u00e8re |Pro Health Financial - Montreal Investment & Insurance Broker of Choice\",\"isPartOf\":{\"@id\":\"https:\/\/carteblanche.media\/prohealth\/#website\"},\"primaryImageOfPage\":{\"@id\":\"https:\/\/carteblanche.media\/prohealth\/fr\/#primaryimage\"},\"image\":{\"@id\":\"https:\/\/carteblanche.media\/prohealth\/fr\/#primaryimage\"},\"thumbnailUrl\":\"https:\/\/carteblanche.media\/prohealth\/wp-content\/uploads\/sites\/42\/2021\/01\/White-top-1920x200px.png\",\"datePublished\":\"2022-05-31T18:15:11+00:00\",\"description\":\"Savoir comment assurer la libert\u00e9 financi\u00e8re peut \u00eatre un d\u00e9fi, laissez-nous nous occuper de tous vos besoins en mati\u00e8re d'assurance, d'investissement et de planification financi\u00e8re.\",\"breadcrumb\":{\"@id\":\"https:\/\/carteblanche.media\/prohealth\/fr\/#breadcrumb\"},\"inLanguage\":\"fr-FR\",\"potentialAction\":[{\"@type\":\"ReadAction\",\"target\":[\"https:\/\/carteblanche.media\/prohealth\/fr\/\"]}]},{\"@type\":\"ImageObject\",\"inLanguage\":\"fr-FR\",\"@id\":\"https:\/\/carteblanche.media\/prohealth\/fr\/#primaryimage\",\"url\":\"https:\/\/carteblanche.media\/prohealth\/wp-content\/uploads\/sites\/42\/2021\/01\/White-top-1920x200px.png\",\"contentUrl\":\"https:\/\/carteblanche.media\/prohealth\/wp-content\/uploads\/sites\/42\/2021\/01\/White-top-1920x200px.png\"},{\"@type\":\"BreadcrumbList\",\"@id\":\"https:\/\/carteblanche.media\/prohealth\/fr\/#breadcrumb\",\"itemListElement\":[{\"@type\":\"ListItem\",\"position\":1,\"name\":\"Home\",\"item\":\"https:\/\/carteblanche.media\/prohealth\/fr\/\"},{\"@type\":\"ListItem\",\"position\":2,\"name\":\"Accueil\"}]},{\"@type\":\"WebSite\",\"@id\":\"https:\/\/carteblanche.media\/prohealth\/#website\",\"url\":\"https:\/\/carteblanche.media\/prohealth\/\",\"name\":\"Pro Health Financial - Montreal Investment & Insurance Broker of Choice\",\"description\":\"Pro Health Financial\",\"potentialAction\":[{\"@type\":\"SearchAction\",\"target\":{\"@type\":\"EntryPoint\",\"urlTemplate\":\"https:\/\/carteblanche.media\/prohealth\/?s={search_term_string}\"},\"query-input\":{\"@type\":\"PropertyValueSpecification\",\"valueRequired\":true,\"valueName\":\"search_term_string\"}}],\"inLanguage\":\"fr-FR\"}]}<\/script>\n<!-- \/ Yoast SEO plugin. -->","yoast_head_json":{"title":"Assurance, investissement et planification financi\u00e8re |Pro Health Financial - Montreal Investment & Insurance Broker of Choice","description":"Savoir comment assurer la libert\u00e9 financi\u00e8re peut \u00eatre un d\u00e9fi, laissez-nous nous occuper de tous vos besoins en mati\u00e8re d'assurance, d'investissement et de planification financi\u00e8re.","robots":{"index":"index","follow":"follow","max-snippet":"max-snippet:-1","max-image-preview":"max-image-preview:large","max-video-preview":"max-video-preview:-1"},"canonical":"https:\/\/carteblanche.media\/prohealth\/fr\/","og_locale":"fr_FR","og_type":"article","og_title":"Assurance, investissement et planification financi\u00e8re |Pro Health Financial - Montreal Investment & Insurance Broker of Choice","og_description":"Savoir comment assurer la libert\u00e9 financi\u00e8re peut \u00eatre un d\u00e9fi, laissez-nous nous occuper de tous vos besoins en mati\u00e8re d'assurance, d'investissement et de planification financi\u00e8re.","og_url":"https:\/\/carteblanche.media\/prohealth\/fr\/","og_site_name":"Pro Health Financial - Montreal Investment & Insurance Broker of Choice","og_image":[{"url":"https:\/\/carteblanche.media\/prohealth\/wp-content\/uploads\/sites\/29\/2021\/01\/White-top-1920x200px.png","type":"","width":"","height":""}],"twitter_card":"summary_large_image","twitter_misc":{"Dur\u00e9e de lecture estim\u00e9e":"4 minutes"},"schema":{"@context":"https:\/\/schema.org","@graph":[{"@type":"WebPage","@id":"https:\/\/carteblanche.media\/prohealth\/fr\/","url":"https:\/\/carteblanche.media\/prohealth\/fr\/","name":"Assurance, investissement et planification financi\u00e8re |Pro Health Financial - Montreal Investment & Insurance Broker of Choice","isPartOf":{"@id":"https:\/\/carteblanche.media\/prohealth\/#website"},"primaryImageOfPage":{"@id":"https:\/\/carteblanche.media\/prohealth\/fr\/#primaryimage"},"image":{"@id":"https:\/\/carteblanche.media\/prohealth\/fr\/#primaryimage"},"thumbnailUrl":"https:\/\/carteblanche.media\/prohealth\/wp-content\/uploads\/sites\/42\/2021\/01\/White-top-1920x200px.png","datePublished":"2022-05-31T18:15:11+00:00","description":"Savoir comment assurer la libert\u00e9 financi\u00e8re peut \u00eatre un d\u00e9fi, laissez-nous nous occuper de tous vos besoins en mati\u00e8re d'assurance, d'investissement et de planification financi\u00e8re.","breadcrumb":{"@id":"https:\/\/carteblanche.media\/prohealth\/fr\/#breadcrumb"},"inLanguage":"fr-FR","potentialAction":[{"@type":"ReadAction","target":["https:\/\/carteblanche.media\/prohealth\/fr\/"]}]},{"@type":"ImageObject","inLanguage":"fr-FR","@id":"https:\/\/carteblanche.media\/prohealth\/fr\/#primaryimage","url":"https:\/\/carteblanche.media\/prohealth\/wp-content\/uploads\/sites\/42\/2021\/01\/White-top-1920x200px.png","contentUrl":"https:\/\/carteblanche.media\/prohealth\/wp-content\/uploads\/sites\/42\/2021\/01\/White-top-1920x200px.png"},{"@type":"BreadcrumbList","@id":"https:\/\/carteblanche.media\/prohealth\/fr\/#breadcrumb","itemListElement":[{"@type":"ListItem","position":1,"name":"Home","item":"https:\/\/carteblanche.media\/prohealth\/fr\/"},{"@type":"ListItem","position":2,"name":"Accueil"}]},{"@type":"WebSite","@id":"https:\/\/carteblanche.media\/prohealth\/#website","url":"https:\/\/carteblanche.media\/prohealth\/","name":"Pro Health Financial - Montreal Investment & Insurance Broker of Choice","description":"Pro Health Financial","potentialAction":[{"@type":"SearchAction","target":{"@type":"EntryPoint","urlTemplate":"https:\/\/carteblanche.media\/prohealth\/?s={search_term_string}"},"query-input":{"@type":"PropertyValueSpecification","valueRequired":true,"valueName":"search_term_string"}}],"inLanguage":"fr-FR"}]}},"_links":{"self":[{"href":"https:\/\/carteblanche.media\/prohealth\/fr\/wp-json\/wp\/v2\/pages\/4199","targetHints":{"allow":["GET"]}}],"collection":[{"href":"https:\/\/carteblanche.media\/prohealth\/fr\/wp-json\/wp\/v2\/pages"}],"about":[{"href":"https:\/\/carteblanche.media\/prohealth\/fr\/wp-json\/wp\/v2\/types\/page"}],"author":[{"embeddable":true,"href":"https:\/\/carteblanche.media\/prohealth\/fr\/wp-json\/wp\/v2\/users\/100"}],"replies":[{"embeddable":true,"href":"https:\/\/carteblanche.media\/prohealth\/fr\/wp-json\/wp\/v2\/comments?post=4199"}],"version-history":[{"count":5,"href":"https:\/\/carteblanche.media\/prohealth\/fr\/wp-json\/wp\/v2\/pages\/4199\/revisions"}],"predecessor-version":[{"id":4570,"href":"https:\/\/carteblanche.media\/prohealth\/fr\/wp-json\/wp\/v2\/pages\/4199\/revisions\/4570"}],"wp:attachment":[{"href":"https:\/\/carteblanche.media\/prohealth\/fr\/wp-json\/wp\/v2\/media?parent=4199"}],"curies":[{"name":"wp","href":"https:\/\/api.w.org\/{rel}","templated":true}]}}