{"id":4204,"date":"2022-05-31T14:15:11","date_gmt":"2022-05-31T18:15:11","guid":{"rendered":"https:\/\/prohealthfinancial.ca\/accueil\/contactez-nous\/"},"modified":"2022-05-31T15:41:22","modified_gmt":"2022-05-31T19:41:22","slug":"contactez-nous","status":"publish","type":"page","link":"https:\/\/carteblanche.media\/prohealth\/fr\/accueil\/contactez-nous\/","title":{"rendered":"Contactez-nous"},"content":{"rendered":"\n\n\t<h1>\n\t\t\t\tContactez-nous<br \/>\n\t\t\t<\/h1>\n<p>Afin d&rsquo;assurer un dialogue authentique, limpide et rassurant, nos rencontres sont organis\u00e9es \u00e0 la convenance mutuelle du client et de nos planificateurs financiers \u00e0 Montr\u00e9al, sans aucune limite de temps. Le lieu de la r\u00e9union est enti\u00e8rement \u00e0 la discr\u00e9tion de nos clients et d\u00e9pend de leur niveau de confort : Les terrains de golf, les restaurants ou les caf\u00e9s sont tous des endroits parfaits pour les r\u00e9unions. Pour ceux qui pr\u00e9f\u00e8rent un cadre plus formel, ils n&rsquo;ont qu&rsquo;\u00e0 passer \u00e0 nos bureaux et parler \u00e0 l&rsquo;un de nos planificateurs financiers \u00e0 TMR et sur la rue Guy.<\/p>\n<div class=\"forminator-ui forminator-custom-form forminator-custom-form-1362 forminator-design--material  forminator_ajax\" data-forminator-render=\"0\" data-form=\"forminator-module-1362\" data-uid=\"69e8a3f276b34\"><br\/><\/div><form\r\n\t\t\t\tid=\"forminator-module-1362\"\r\n\t\t\t\tclass=\"forminator-ui forminator-custom-form forminator-custom-form-1362 forminator-design--material  forminator_ajax\"\r\n\t\t\t\tmethod=\"post\"\r\n\t\t\t\tdata-forminator-render=\"0\"\r\n\t\t\t\tdata-form-id=\"1362\"\r\n\t\t\t\t data-color-option=\"default\" data-design=\"material\" data-grid=\"open\" style=\"display: none;\"\r\n\t\t\t\tdata-uid=\"69e8a3f276b34\"\r\n\t\t\t><div role=\"alert\" aria-live=\"polite\" class=\"forminator-response-message forminator-error\" aria-hidden=\"true\"><\/div><div class=\"forminator-row\"><div id=\"text-1\" class=\"forminator-field-text forminator-col forminator-col-12 \"><div class=\"forminator-field\"><label for=\"forminator-field-text-1_69e8a3f276b34\" id=\"forminator-field-text-1_69e8a3f276b34-label\" class=\"forminator-label\">Your name <span class=\"forminator-required\">*<\/span><\/label><input type=\"text\" name=\"text-1\" value=\"\" placeholder=\"\" id=\"forminator-field-text-1_69e8a3f276b34\" class=\"forminator-input forminator-name--field\" data-required=\"1\" \/><\/div><\/div><\/div><div class=\"forminator-row\"><div id=\"email-1\" class=\"forminator-field-email forminator-col forminator-col-12 \"><div class=\"forminator-field\"><label for=\"forminator-field-email-1_69e8a3f276b34\" id=\"forminator-field-email-1_69e8a3f276b34-label\" class=\"forminator-label\">Your email <span class=\"forminator-required\">*<\/span><\/label><input type=\"email\" name=\"email-1\" value=\"\" placeholder=\"\" id=\"forminator-field-email-1_69e8a3f276b34\" class=\"forminator-input forminator-email--field\" data-required=\"1\" aria-required=\"true\" autocomplete=\"email\" \/><\/div><\/div><\/div><div class=\"forminator-row\"><div id=\"text-2\" class=\"forminator-field-text forminator-col forminator-col-12 \"><div class=\"forminator-field\"><label for=\"forminator-field-text-2_69e8a3f276b34\" id=\"forminator-field-text-2_69e8a3f276b34-label\" class=\"forminator-label\">Subject <span class=\"forminator-required\">*<\/span><\/label><input type=\"text\" name=\"text-2\" value=\"\" placeholder=\"\" id=\"forminator-field-text-2_69e8a3f276b34\" class=\"forminator-input forminator-name--field\" data-required=\"1\" \/><\/div><\/div><\/div><div class=\"forminator-row\"><div id=\"textarea-1\" class=\"forminator-field-textarea forminator-col forminator-col-12 \"><div class=\"forminator-field\"><label for=\"forminator-field-textarea-1_69e8a3f276b34\" id=\"forminator-field-textarea-1_69e8a3f276b34-label\" class=\"forminator-label\">Your message (optional)<\/label><textarea name=\"textarea-1\" placeholder=\"\" id=\"forminator-field-textarea-1_69e8a3f276b34\" class=\"forminator-textarea\" rows=\"6\" style=\"--forminator-textarea-min-height:140px;\" ><\/textarea><\/div><\/div><\/div><div class=\"forminator-row\"><div id=\"captcha-1\" class=\"forminator-field-captcha forminator-col forminator-col-12 \"><div class=\"forminator-captcha-left forminator-g-recaptcha recaptcha-invisible\" data-theme=\"light\" data-badge=\"inline\" data-sitekey=\"6Ldud3AaAAAAAB1uQFw0mheJiZYFnXa_nzJ1sj_Y\" data-size=\"invisible\"><\/div> <\/div><\/div><input type=\"hidden\" name=\"referer_url\" value=\"\" \/><div class=\"forminator-row forminator-row-last\"><div class=\"forminator-col\"><div class=\"forminator-field\"><button class=\"forminator-button forminator-button-submit\"><span>Submit<\/span><span aria-hidden=\"true\"><\/span><\/button><\/div><\/div><\/div><input type=\"hidden\" id=\"forminator_nonce\" name=\"forminator_nonce\" value=\"2ab69b779e\" \/><input type=\"hidden\" name=\"_wp_http_referer\" value=\"\/prohealth\/fr\/wp-json\/wp\/v2\/pages\/4204\" \/><input type=\"hidden\" name=\"form_id\" value=\"1362\"><input type=\"hidden\" name=\"page_id\" value=\"4204\"><input type=\"hidden\" name=\"form_type\" value=\"default\"><input type=\"hidden\" name=\"current_url\" value=\"https:\/\/carteblanche.media\/prohealth\/fr\/accueil\/contactez-nous\/\"><input type=\"hidden\" name=\"render_id\" value=\"0\"><input type=\"hidden\" name=\"action\" value=\"forminator_submit_form_custom-forms\"><\/form><\/p>\n\t\t<img decoding=\"async\" src=\"https:\/\/carteblanche.media\/prohealth\/wp-content\/uploads\/sites\/42\/2021\/01\/White-Green-1920x200px.png\" alt=\"White-Green-1920x200px\" itemprop=\"image\"\/><br \/>\n\t\t\t\t<img decoding=\"async\" src=\"https:\/\/carteblanche.media\/prohealth\/wp-content\/uploads\/sites\/42\/2021\/01\/Justin_20.png\" alt=\"financial planners montreal\" itemprop=\"image\" title=\"Justin_20\" onerror=\"this.style.display='none'\"  \/><br \/>\n\t\t\t\t<img decoding=\"async\" src=\"https:\/\/carteblanche.media\/prohealth\/wp-content\/uploads\/sites\/42\/2021\/01\/Justin_20.png\" alt=\"financial planners montreal\" itemprop=\"image\" title=\"Justin_20\" onerror=\"this.style.display='none'\"  \/>\n<h2>\u00ab\u00a0On ne monte pas au niveau de nos attentes, on reste au niveau de nos connaissances.\u00a0\u00bb<\/h2>\n<h3>Archilochus<\/h3>\n\t\t<img decoding=\"async\" src=\"https:\/\/carteblanche.media\/prohealth\/wp-content\/uploads\/sites\/42\/2021\/01\/White-top-1920x200px.png\" alt=\"White-top-1920x200px\" itemprop=\"image\"\/><br \/>\n\t<iframe src=\"https:\/\/www.google.com\/maps\/embed\/v1\/place?q=5500+Royalmount+Avenue%2C+Suite+325%2C+Montreal%2C+Quebec%2C+H4P+1H7&#038;key=AIzaSyD09zQ9PNDNNy9TadMuzRV_UsPUoWKntt8\" aria-hidden=\"true\"><\/iframe>\n<h2>\n\t\t\t\tLocations<br \/>\n\t\t\t<\/h2>\n<h3>\n\t\t\t\tMontreal<br \/>\n\t\t\t<\/h3>\n<p>5500 Avenue Royalmount, Suite 325, Montr\u00e9al, Qu\u00e9bec, H4P 1H7<br \/>514-966-1214<br \/>info@carteblanche.media\/prohealth<\/p>\n<p>\t\t<img decoding=\"async\" src=\"https:\/\/carteblanche.media\/prohealth\/wp-content\/uploads\/sites\/42\/2021\/01\/White-Green-1920x200px.png\" alt=\"White-Green-1920x200px\" itemprop=\"image\"\/><\/p>\n<h3>\n\t\tDemande de consultation<br \/>\n\t<\/h3>\n<p>Contacter l&rsquo;un de nos planificateurs financiers \u00e0 Montr\u00e9al.<\/p>\n\t\t\t<a href=\"https:\/\/carteblanche.media\/prohealth\/fr\/consultation\/\" target=\"_self\" role=\"button\" rel=\"noopener\"><br \/>\n\t\t\t\t\t\t\tD\u00e9marrez<br \/>\n\t\t\t\t\t<\/a><br \/>\n\t\t\t\t<img decoding=\"async\" src=\"https:\/\/carteblanche.media\/prohealth\/wp-content\/uploads\/sites\/29\/2021\/03\/Contact-Pro-Health-Financial-for-your-Economic-Needs-scaled.jpg\" alt=\"Contact-Pro-Health-Financial-for-your-Economic-Needs\" title=\"Contact-Pro-Health-Financial-for-your-Economic-Needs\" itemprop=\"image\"  \/>\n\n","protected":false},"excerpt":{"rendered":"<p>Contactez-nous Afin d&rsquo;assurer un dialogue authentique, limpide et rassurant, nos rencontres sont organis\u00e9es \u00e0 la convenance mutuelle du client et de nos planificateurs financiers \u00e0 Montr\u00e9al, sans aucune limite de temps. Le lieu de la r\u00e9union est enti\u00e8rement \u00e0 la discr\u00e9tion de nos clients et d\u00e9pend de leur niveau de confort : Les terrains de&hellip;<\/p>\n","protected":false},"author":100,"featured_media":0,"parent":4199,"menu_order":0,"comment_status":"closed","ping_status":"closed","template":"","meta":{"footnotes":""},"class_list":["post-4204","page","type-page","status-publish","hentry"],"yoast_head":"<!-- This site is optimized with the Yoast SEO plugin v26.8 - https:\/\/yoast.com\/product\/yoast-seo-wordpress\/ -->\n<title>Contactez nos planificateurs financiers | Pro Health Financial - Montreal Investment &amp; Insurance Broker of Choice<\/title>\n<meta name=\"description\" content=\"Afin d&#039;assurer un dialogue fluide et organique, nos rencontres se font \u00e0 la convenance des clients et des planificateurs financiers, sans limite de temps.\" \/>\n<meta name=\"robots\" content=\"index, follow, max-snippet:-1, max-image-preview:large, max-video-preview:-1\" \/>\n<link rel=\"canonical\" href=\"https:\/\/carteblanche.media\/prohealth\/fr\/accueil\/contactez-nous\/\" \/>\n<meta property=\"og:locale\" content=\"fr_FR\" \/>\n<meta property=\"og:type\" content=\"article\" \/>\n<meta property=\"og:title\" content=\"Contactez nos planificateurs financiers | Pro Health Financial - Montreal Investment &amp; Insurance Broker of Choice\" \/>\n<meta property=\"og:description\" content=\"Afin d&#039;assurer un dialogue fluide et organique, nos rencontres se font \u00e0 la convenance des clients et des planificateurs financiers, sans limite de temps.\" \/>\n<meta property=\"og:url\" content=\"https:\/\/carteblanche.media\/prohealth\/fr\/accueil\/contactez-nous\/\" \/>\n<meta property=\"og:site_name\" content=\"Pro Health Financial - Montreal Investment &amp; Insurance Broker of Choice\" \/>\n<meta property=\"article:modified_time\" content=\"2022-05-31T19:41:22+00:00\" \/>\n<meta property=\"og:image\" content=\"https:\/\/carteblanche.media\/prohealth\/wp-content\/uploads\/sites\/42\/2021\/01\/White-Green-1920x200px.png\" \/>\n<meta name=\"twitter:card\" content=\"summary_large_image\" \/>\n<meta name=\"twitter:label1\" content=\"Dur\u00e9e de lecture estim\u00e9e\" \/>\n\t<meta name=\"twitter:data1\" content=\"1 minute\" \/>\n<script type=\"application\/ld+json\" class=\"yoast-schema-graph\">{\"@context\":\"https:\/\/schema.org\",\"@graph\":[{\"@type\":\"WebPage\",\"@id\":\"https:\/\/carteblanche.media\/prohealth\/fr\/accueil\/contactez-nous\/\",\"url\":\"https:\/\/carteblanche.media\/prohealth\/fr\/accueil\/contactez-nous\/\",\"name\":\"Contactez nos planificateurs financiers | Pro Health Financial - Montreal Investment & Insurance Broker of Choice\",\"isPartOf\":{\"@id\":\"https:\/\/carteblanche.media\/prohealth\/#website\"},\"primaryImageOfPage\":{\"@id\":\"https:\/\/carteblanche.media\/prohealth\/fr\/accueil\/contactez-nous\/#primaryimage\"},\"image\":{\"@id\":\"https:\/\/carteblanche.media\/prohealth\/fr\/accueil\/contactez-nous\/#primaryimage\"},\"thumbnailUrl\":\"https:\/\/carteblanche.media\/prohealth\/wp-content\/uploads\/sites\/42\/2021\/01\/White-Green-1920x200px.png\",\"datePublished\":\"2022-05-31T18:15:11+00:00\",\"dateModified\":\"2022-05-31T19:41:22+00:00\",\"description\":\"Afin d'assurer un dialogue fluide et organique, nos rencontres se font \u00e0 la convenance des clients et des planificateurs financiers, sans limite de temps.\",\"breadcrumb\":{\"@id\":\"https:\/\/carteblanche.media\/prohealth\/fr\/accueil\/contactez-nous\/#breadcrumb\"},\"inLanguage\":\"fr-FR\",\"potentialAction\":[{\"@type\":\"ReadAction\",\"target\":[\"https:\/\/carteblanche.media\/prohealth\/fr\/accueil\/contactez-nous\/\"]}]},{\"@type\":\"ImageObject\",\"inLanguage\":\"fr-FR\",\"@id\":\"https:\/\/carteblanche.media\/prohealth\/fr\/accueil\/contactez-nous\/#primaryimage\",\"url\":\"https:\/\/carteblanche.media\/prohealth\/wp-content\/uploads\/sites\/42\/2021\/01\/White-Green-1920x200px.png\",\"contentUrl\":\"https:\/\/carteblanche.media\/prohealth\/wp-content\/uploads\/sites\/42\/2021\/01\/White-Green-1920x200px.png\"},{\"@type\":\"BreadcrumbList\",\"@id\":\"https:\/\/carteblanche.media\/prohealth\/fr\/accueil\/contactez-nous\/#breadcrumb\",\"itemListElement\":[{\"@type\":\"ListItem\",\"position\":1,\"name\":\"Home\",\"item\":\"https:\/\/carteblanche.media\/prohealth\/fr\/\"},{\"@type\":\"ListItem\",\"position\":2,\"name\":\"Accueil\",\"item\":\"https:\/\/carteblanche.media\/prohealth\/fr\/\"},{\"@type\":\"ListItem\",\"position\":3,\"name\":\"Contactez-nous\"}]},{\"@type\":\"WebSite\",\"@id\":\"https:\/\/carteblanche.media\/prohealth\/#website\",\"url\":\"https:\/\/carteblanche.media\/prohealth\/\",\"name\":\"Pro Health Financial - Montreal Investment & Insurance Broker of Choice\",\"description\":\"Pro Health Financial\",\"potentialAction\":[{\"@type\":\"SearchAction\",\"target\":{\"@type\":\"EntryPoint\",\"urlTemplate\":\"https:\/\/carteblanche.media\/prohealth\/?s={search_term_string}\"},\"query-input\":{\"@type\":\"PropertyValueSpecification\",\"valueRequired\":true,\"valueName\":\"search_term_string\"}}],\"inLanguage\":\"fr-FR\"}]}<\/script>\n<!-- \/ Yoast SEO plugin. -->","yoast_head_json":{"title":"Contactez nos planificateurs financiers | Pro Health Financial - Montreal Investment & Insurance Broker of Choice","description":"Afin d'assurer un dialogue fluide et organique, nos rencontres se font \u00e0 la convenance des clients et des planificateurs financiers, sans limite de temps.","robots":{"index":"index","follow":"follow","max-snippet":"max-snippet:-1","max-image-preview":"max-image-preview:large","max-video-preview":"max-video-preview:-1"},"canonical":"https:\/\/carteblanche.media\/prohealth\/fr\/accueil\/contactez-nous\/","og_locale":"fr_FR","og_type":"article","og_title":"Contactez nos planificateurs financiers | Pro Health Financial - Montreal Investment & Insurance Broker of Choice","og_description":"Afin d'assurer un dialogue fluide et organique, nos rencontres se font \u00e0 la convenance des clients et des planificateurs financiers, sans limite de temps.","og_url":"https:\/\/carteblanche.media\/prohealth\/fr\/accueil\/contactez-nous\/","og_site_name":"Pro Health Financial - Montreal Investment & Insurance Broker of Choice","article_modified_time":"2022-05-31T19:41:22+00:00","og_image":[{"url":"https:\/\/carteblanche.media\/prohealth\/wp-content\/uploads\/sites\/42\/2021\/01\/White-Green-1920x200px.png","type":"","width":"","height":""}],"twitter_card":"summary_large_image","twitter_misc":{"Dur\u00e9e de lecture estim\u00e9e":"1 minute"},"schema":{"@context":"https:\/\/schema.org","@graph":[{"@type":"WebPage","@id":"https:\/\/carteblanche.media\/prohealth\/fr\/accueil\/contactez-nous\/","url":"https:\/\/carteblanche.media\/prohealth\/fr\/accueil\/contactez-nous\/","name":"Contactez nos planificateurs financiers | Pro Health Financial - Montreal Investment & Insurance Broker of Choice","isPartOf":{"@id":"https:\/\/carteblanche.media\/prohealth\/#website"},"primaryImageOfPage":{"@id":"https:\/\/carteblanche.media\/prohealth\/fr\/accueil\/contactez-nous\/#primaryimage"},"image":{"@id":"https:\/\/carteblanche.media\/prohealth\/fr\/accueil\/contactez-nous\/#primaryimage"},"thumbnailUrl":"https:\/\/carteblanche.media\/prohealth\/wp-content\/uploads\/sites\/42\/2021\/01\/White-Green-1920x200px.png","datePublished":"2022-05-31T18:15:11+00:00","dateModified":"2022-05-31T19:41:22+00:00","description":"Afin d'assurer un dialogue fluide et organique, nos rencontres se font \u00e0 la convenance des clients et des planificateurs financiers, sans limite de temps.","breadcrumb":{"@id":"https:\/\/carteblanche.media\/prohealth\/fr\/accueil\/contactez-nous\/#breadcrumb"},"inLanguage":"fr-FR","potentialAction":[{"@type":"ReadAction","target":["https:\/\/carteblanche.media\/prohealth\/fr\/accueil\/contactez-nous\/"]}]},{"@type":"ImageObject","inLanguage":"fr-FR","@id":"https:\/\/carteblanche.media\/prohealth\/fr\/accueil\/contactez-nous\/#primaryimage","url":"https:\/\/carteblanche.media\/prohealth\/wp-content\/uploads\/sites\/42\/2021\/01\/White-Green-1920x200px.png","contentUrl":"https:\/\/carteblanche.media\/prohealth\/wp-content\/uploads\/sites\/42\/2021\/01\/White-Green-1920x200px.png"},{"@type":"BreadcrumbList","@id":"https:\/\/carteblanche.media\/prohealth\/fr\/accueil\/contactez-nous\/#breadcrumb","itemListElement":[{"@type":"ListItem","position":1,"name":"Home","item":"https:\/\/carteblanche.media\/prohealth\/fr\/"},{"@type":"ListItem","position":2,"name":"Accueil","item":"https:\/\/carteblanche.media\/prohealth\/fr\/"},{"@type":"ListItem","position":3,"name":"Contactez-nous"}]},{"@type":"WebSite","@id":"https:\/\/carteblanche.media\/prohealth\/#website","url":"https:\/\/carteblanche.media\/prohealth\/","name":"Pro Health Financial - Montreal Investment & Insurance Broker of Choice","description":"Pro Health Financial","potentialAction":[{"@type":"SearchAction","target":{"@type":"EntryPoint","urlTemplate":"https:\/\/carteblanche.media\/prohealth\/?s={search_term_string}"},"query-input":{"@type":"PropertyValueSpecification","valueRequired":true,"valueName":"search_term_string"}}],"inLanguage":"fr-FR"}]}},"_links":{"self":[{"href":"https:\/\/carteblanche.media\/prohealth\/fr\/wp-json\/wp\/v2\/pages\/4204","targetHints":{"allow":["GET"]}}],"collection":[{"href":"https:\/\/carteblanche.media\/prohealth\/fr\/wp-json\/wp\/v2\/pages"}],"about":[{"href":"https:\/\/carteblanche.media\/prohealth\/fr\/wp-json\/wp\/v2\/types\/page"}],"author":[{"embeddable":true,"href":"https:\/\/carteblanche.media\/prohealth\/fr\/wp-json\/wp\/v2\/users\/100"}],"replies":[{"embeddable":true,"href":"https:\/\/carteblanche.media\/prohealth\/fr\/wp-json\/wp\/v2\/comments?post=4204"}],"version-history":[{"count":2,"href":"https:\/\/carteblanche.media\/prohealth\/fr\/wp-json\/wp\/v2\/pages\/4204\/revisions"}],"predecessor-version":[{"id":5128,"href":"https:\/\/carteblanche.media\/prohealth\/fr\/wp-json\/wp\/v2\/pages\/4204\/revisions\/5128"}],"up":[{"embeddable":true,"href":"https:\/\/carteblanche.media\/prohealth\/fr\/wp-json\/wp\/v2\/pages\/4199"}],"wp:attachment":[{"href":"https:\/\/carteblanche.media\/prohealth\/fr\/wp-json\/wp\/v2\/media?parent=4204"}],"curies":[{"name":"wp","href":"https:\/\/api.w.org\/{rel}","templated":true}]}}