{"id":4206,"date":"2022-05-31T14:15:11","date_gmt":"2022-05-31T18:15:11","guid":{"rendered":"https:\/\/prohealthfinancial.ca\/services-personnels\/"},"modified":"2022-05-31T15:17:14","modified_gmt":"2022-05-31T19:17:14","slug":"services-personnels","status":"publish","type":"page","link":"https:\/\/carteblanche.media\/prohealth\/fr\/services-personnels\/","title":{"rendered":"Services personnels"},"content":{"rendered":"\n\n\t<h1>Planification financi\u00e8re<\/h1>\n<p>La planification financi\u00e8re personnelle de nos clients; la stabilit\u00e9, la viabilit\u00e9 et la long\u00e9vit\u00e9 de leur ind\u00e9pendance financi\u00e8re sont notre priorit\u00e9 absolue. Apr\u00e8s tout, la richesse sera g\u00e9r\u00e9e par des m\u00e9nages qui se concentrent sur la s\u00e9curit\u00e9 plut\u00f4t que la prosp\u00e9rit\u00e9. Nous croyons fermement que la richesse ne vient pas de ce que vous gagnez, mais de ce que vous faites avec ce que vous gagnez.<\/p>\nLes quatre cl\u00e9s pour y parvenir:\n1) D\u00e9penser moins<br \/>\n2) \u00c9pargner plus<br \/>\n3) Investir judicieusement<br \/>\n4) G\u00e9rer le risque\n<h4>Nous nous engageons \u00e0 enseigner \u00e0 nos clients comment y parvenir rapidement et pleinement.<\/h4>\n<p>Nous offrons \u00e9galement des conseils et des services touchant plusieurs autres aspects financiers pr\u00e9occupants, telles que l&rsquo;assurance personnalis\u00e9e pour des besoins sp\u00e9cifiques, ainsi que la planification de fin de vie en dignit\u00e9.<\/p>\n<p><img decoding=\"async\" src=\"https:\/\/carteblanche.media\/prohealth\/wp-content\/uploads\/sites\/42\/2021\/01\/White-top-1920x200px.png\" alt=\"White-top-1920x200px\" \/><\/p>\n<h2>Notre mission<\/h2>\n<p>Dans un cadre personnel et priv\u00e9, notre mission est d&rsquo;aider les professionnels en d\u00e9but de carri\u00e8re \u00e0 atteindre leurs objectifs d&rsquo;ind\u00e9pendance financi\u00e8re.<\/p>\n<p>Dans l&rsquo;\u00e9ventualit\u00e9 o\u00f9 vous d\u00e9cidez de vous lancer dans la qu\u00eate d&rsquo;accumuler les richesses, il est important de comprendre les pi\u00e8ges qui s&rsquo;y rattachent, notamment dans notre soci\u00e9t\u00e9 actuelle, en \u00e9volution rapide et bas\u00e9e sur le cr\u00e9dit. Il est tellement facile de tomber dans un gouffre financier si l&rsquo;on ne sait pas comment g\u00e9rer son argent, c&rsquo;est pourquoi il est imp\u00e9ratif de s&rsquo;informer pour prendre les bonnes d\u00e9cisions financi\u00e8res avant de se lancer.<\/p>\n<p>Nous sommes l\u00e0 pour vous aider \u00e0 le faire. En tant qu&rsquo; \u00ab\u00a0entraineur priv\u00e9\u00a0\u00bb de votre sant\u00e9 financi\u00e8re, notre objectif est de vous faire faire des choix \u00e9clair\u00e9s qui vous aideront \u00e0 obtenir la maison et la voiture de vos r\u00eaves, \u00e0 prendre des vacances annuelles, \u00e0 assurer la s\u00e9curit\u00e9 de votre famille, \u00e0 financer votre \u0153uvre de bienfaisance pr\u00e9f\u00e9r\u00e9e et\/ou b\u00e2tir l&rsquo;h\u00e9ritage que vous souhaitez laisser derri\u00e8re vous.<\/p>\n<img decoding=\"async\" title=\"Our-Mission-Statement_1@2x\" src=\"https:\/\/carteblanche.media\/prohealth\/wp-content\/uploads\/sites\/42\/2021\/01\/Our-Mission-Statement_1@2x.png\" alt=\"Financial Planners Montreal\" \/><br \/>\n<img decoding=\"async\" title=\"Our-Mission-Statement_tablet\" src=\"https:\/\/carteblanche.media\/prohealth\/wp-content\/uploads\/sites\/42\/2021\/01\/Our-Mission-Statement_tablet.jpg\" alt=\"Financial Advisors Montreal\" \/><br \/>\n<img decoding=\"async\" src=\"https:\/\/carteblanche.media\/prohealth\/wp-content\/uploads\/sites\/42\/2021\/01\/Bg-Green2-1920x200px.png\" alt=\"Bg-Green2-1920x200px\" \/><br \/>\n<img decoding=\"async\" title=\"Our-Offense-Plan_tablet\" src=\"https:\/\/carteblanche.media\/prohealth\/wp-content\/uploads\/sites\/42\/2021\/01\/Our-Offense-Plan_tablet.jpg\" alt=\"Our-Offense-Plan_tablet\" \/>\n<h2>Votre plan d&rsquo;attaque<\/h2>\n\n<ul>\n<li>\n<ul>\n<li>Orient\u00e9 vers les objectifs, visez \u00e0 atteindre ceux qui vous concerne personnellement et professionnellement (votre libert\u00e9 financi\u00e8re) <strong>Travaillez parce que vous aimez ce que vous faites, et non pas parce que vous devez le faire. <\/strong><\/li>\n<\/ul>\n<\/li>\n<\/ul>\n<p>&nbsp;<\/p>\n<ul>\n<li>\n<ul>\n<li>Gestion des investissements<\/li>\n<\/ul>\n<\/li>\n<\/ul>\n<p>&nbsp;<\/p>\n<ul>\n<li>\n<ul>\n<li>Planification financi\u00e8re<\/li>\n<\/ul>\n<\/li>\n<\/ul>\n<p>&nbsp;<\/p>\n<ul>\n<li>\n<ul>\n<li>\nRecours \u00e0 des services bancaires priv\u00e9s, comme solutions\n<\/li>\n<\/ul>\n<\/li>\n<\/ul>\n<p>&nbsp;<\/p>\n<ul>\n<li>\n<ul>\n<li>\nPlanification successorale\n<\/li>\n<\/ul>\n<\/li>\n<\/ul>\n<p>&nbsp;<\/p>\n<ul>\n<li>\nDons de bienfaisance \/ dons planifi\u00e9s\n<\/li>\n<\/ul>\n<img decoding=\"async\" src=\"https:\/\/carteblanche.media\/prohealth\/wp-content\/uploads\/sites\/42\/2021\/01\/White-Green-1920x200px.png\" alt=\"White-Green-1920x200px\" \/><br \/>\n<img decoding=\"async\" title=\"Justin-03@2x\" src=\"https:\/\/carteblanche.media\/prohealth\/wp-content\/uploads\/sites\/42\/2021\/01\/Justin-03@2x.png\" alt=\"financial planning montreal\" \/><br \/>\n<img decoding=\"async\" title=\"Justin-03-tablet\" src=\"https:\/\/carteblanche.media\/prohealth\/wp-content\/uploads\/sites\/42\/2021\/01\/Justin-03-tablet.jpg\" alt=\"financial planning montreal\" \/>\n<h2>\u00ab\u00a0On ne monte pas au niveau de nos attentes, on reste au niveau de nos connaissances.\u00a0\u00bb<\/h2>\n<h3>Archilochus<\/h3>\n<p><img decoding=\"async\" src=\"https:\/\/carteblanche.media\/prohealth\/wp-content\/uploads\/sites\/42\/2021\/01\/White-top-1920x200px.png\" alt=\"White-top-1920x200px\" \/><\/p>\n<h2>Votre plan de d\u00e9fense<\/h2>\n<ul>\n<li>\n<ul>\n<li>\nRemplacement de la dette et des revenus\n<\/li>\n<\/ul>\n<\/li>\n<\/ul>\n<p>&nbsp;<\/p>\n<ul>\n<li>\n<ul>\n<li>\nGestion du patrimoine\n<\/li>\n<\/ul>\n<\/li>\n<\/ul>\n<p>&nbsp;<\/p>\n<ul>\n<li>\n<ul>\n<li>\nPlanification de l&rsquo;h\u00e9ritage\n<\/li>\n<\/ul>\n<\/li>\n<\/ul>\n<p>&nbsp;<\/p>\n<ul>\n<li>\n<ul>\n<li>\nPr\u00e9servation\/protection du patrimoine\n<\/li>\n<\/ul>\n<\/li>\n<\/ul>\n<p>&nbsp;<\/p>\n<ul>\n<li>\n<ul>\n<li>\nTransfert de patrimoine\n<\/li>\n<\/ul>\n<\/li>\n<\/ul>\n<p>&nbsp;<\/p>\n<ul>\n<li>\n<ul>\n<li>\nRemplacement de la valeur \u00e9conomique de rendement d&rsquo;une personne\n<\/li>\n<\/ul>\n<\/li>\n<\/ul>\n<p>&nbsp;<\/p>\n<ul>\n<li>\n<ul>\n<li>\nPaiement des droits de succession (imp\u00f4ts au d\u00e9c\u00e8s)\n<\/li>\n<\/ul>\n<\/li>\n<\/ul>\n<p>&nbsp;<\/p>\n<ul>\n<li>\n<ul>\n<li>\nProtection des entreprises contre les pertes financi\u00e8res &#8211; protection de la personne cl\u00e9 dans une entreprise\n<\/li>\n<\/ul>\n<\/li>\n<\/ul>\n<p>&nbsp;<\/p>\n<ul>\n<li>\n<ul>\n<li>\nTransfert de patrimoine \u00e0 la g\u00e9n\u00e9ration suivante\n<\/li>\n<\/ul>\n<\/li>\n<\/ul>\n<p>&nbsp;<\/p>\n<ul>\n<li>\n<ul>\n<li>\nPlan pour pr\u00e9server la dignit\u00e9 &#8211; Plan pour prot\u00e9ger la qualit\u00e9 de vie\n<\/li>\n<\/ul>\n<\/li>\n<\/ul>\n<p>&nbsp;<\/p>\n<ul>\n<li>\n<ul>\n<li>\nSolutions de protection du revenu\n<\/li>\n<\/ul>\n<\/li>\n<\/ul>\n<p>&nbsp;<\/p>\n<ul>\n<li>\n<ul>\n<li>\nPlan de protection de l&rsquo;\u00e9pargne\n<\/li>\n<\/ul>\n<\/li>\n<\/ul>\n<p>&nbsp;<\/p>\n<ul>\n<li>\n<ul>\n<li>\nAssurance habitation\/automobile\n<\/li>\n<\/ul>\n<\/li>\n<\/ul>\n<p>&nbsp;<\/p>\n<ul>\n<li>\n<ul>\n<li>\nAssurance invalidit\u00e9\n<\/li>\n<\/ul>\n<\/li>\n<\/ul>\n<p>&nbsp;<\/p>\n<ul>\n<li>\n<ul>\n<li>\nProtection contre les maladies graves\n<\/li>\n<\/ul>\n<\/li>\n<\/ul>\n<p>&nbsp;<\/p>\n<ul>\n<li>\n<ul>\n<li>\nAssurance voyage\n<\/li>\n<\/ul>\n<\/li>\n<\/ul>\n<p>&nbsp;<\/p>\n<ul>\n<li>\n<ul>\n<li>\nAssurance dentaire\n<\/li>\n<\/ul>\n<\/li>\n<\/ul>\n<p>&nbsp;<\/p>\n<ul>\n<li>\nPlans de pension\n<\/li>\n<\/ul>\n<p><img decoding=\"async\" src=\"https:\/\/carteblanche.media\/prohealth\/wp-content\/uploads\/sites\/42\/2021\/01\/White-Green-1920x200px.png\" alt=\"White-Green-1920x200px\" \/><\/p>\n<h3>Demander une consultation<\/h3>\nContacter l&rsquo;un de nos planificateurs financiers \u00e0 Montr\u00e9al.\n<a role=\"button\" href=\"https:\/\/carteblanche.media\/prohealth\/fr\/consultation\/\" target=\"_self\" rel=\"noopener\"><br \/>\n<\/a>D\u00e9marrez\n<p><img decoding=\"async\" title=\"Contact-Pro-Health-Financial-for-your-Economic-Needs\" src=\"https:\/\/carteblanche.media\/prohealth\/wp-content\/uploads\/sites\/29\/2021\/03\/Contact-Pro-Health-Financial-for-your-Economic-Needs-scaled.jpg\" alt=\"Contact-Pro-Health-Financial-for-your-Economic-Needs\" \/><\/p>\n\n","protected":false},"excerpt":{"rendered":"<p>Planification financi\u00e8re La planification financi\u00e8re personnelle de nos clients; la stabilit\u00e9, la viabilit\u00e9 et la long\u00e9vit\u00e9 de leur ind\u00e9pendance financi\u00e8re sont notre priorit\u00e9 absolue. Apr\u00e8s tout, la richesse sera g\u00e9r\u00e9e par des m\u00e9nages qui se concentrent sur la s\u00e9curit\u00e9 plut\u00f4t que la prosp\u00e9rit\u00e9. Nous croyons fermement que la richesse ne vient pas de ce que&hellip;<\/p>\n","protected":false},"author":100,"featured_media":0,"parent":0,"menu_order":0,"comment_status":"closed","ping_status":"closed","template":"","meta":{"footnotes":""},"class_list":["post-4206","page","type-page","status-publish","hentry"],"yoast_head":"<!-- This site is optimized with the Yoast SEO plugin v26.8 - https:\/\/yoast.com\/product\/yoast-seo-wordpress\/ -->\n<title>Planification financi\u00e8re \u00e0 Montr\u00e9al | Pro Health Financial - Montreal Investment &amp; Insurance Broker of Choice<\/title>\n<meta name=\"description\" content=\"En tant qu&#039; &quot;entra\u00eeneur priv\u00e9&quot; de votre planification financi\u00e8re, nous visons \u00e0 ce que vous fassiez les choix qui vous aideront \u00e0 construire vos r\u00eaves.\" \/>\n<meta name=\"robots\" content=\"index, follow, max-snippet:-1, max-image-preview:large, max-video-preview:-1\" \/>\n<link rel=\"canonical\" href=\"https:\/\/carteblanche.media\/prohealth\/fr\/services-personnels\/\" \/>\n<meta property=\"og:locale\" content=\"fr_FR\" \/>\n<meta property=\"og:type\" content=\"article\" \/>\n<meta property=\"og:title\" content=\"Planification financi\u00e8re \u00e0 Montr\u00e9al | Pro Health Financial - Montreal Investment &amp; Insurance Broker of Choice\" \/>\n<meta property=\"og:description\" content=\"En tant qu&#039; &quot;entra\u00eeneur priv\u00e9&quot; de votre planification financi\u00e8re, nous visons \u00e0 ce que vous fassiez les choix qui vous aideront \u00e0 construire vos r\u00eaves.\" \/>\n<meta property=\"og:url\" content=\"https:\/\/carteblanche.media\/prohealth\/fr\/services-personnels\/\" \/>\n<meta property=\"og:site_name\" content=\"Pro Health Financial - Montreal Investment &amp; Insurance Broker of Choice\" \/>\n<meta property=\"article:modified_time\" content=\"2022-05-31T19:17:14+00:00\" \/>\n<meta property=\"og:image\" content=\"https:\/\/carteblanche.media\/prohealth\/wp-content\/uploads\/sites\/42\/2021\/01\/White-top-1920x200px.png\" \/>\n<meta name=\"twitter:card\" content=\"summary_large_image\" \/>\n<meta name=\"twitter:label1\" content=\"Dur\u00e9e de lecture estim\u00e9e\" \/>\n\t<meta name=\"twitter:data1\" content=\"3 minutes\" \/>\n<script type=\"application\/ld+json\" class=\"yoast-schema-graph\">{\"@context\":\"https:\/\/schema.org\",\"@graph\":[{\"@type\":\"WebPage\",\"@id\":\"https:\/\/carteblanche.media\/prohealth\/fr\/services-personnels\/\",\"url\":\"https:\/\/carteblanche.media\/prohealth\/fr\/services-personnels\/\",\"name\":\"Planification financi\u00e8re \u00e0 Montr\u00e9al | Pro Health Financial - Montreal Investment & Insurance Broker of Choice\",\"isPartOf\":{\"@id\":\"https:\/\/carteblanche.media\/prohealth\/#website\"},\"primaryImageOfPage\":{\"@id\":\"https:\/\/carteblanche.media\/prohealth\/fr\/services-personnels\/#primaryimage\"},\"image\":{\"@id\":\"https:\/\/carteblanche.media\/prohealth\/fr\/services-personnels\/#primaryimage\"},\"thumbnailUrl\":\"https:\/\/carteblanche.media\/prohealth\/wp-content\/uploads\/sites\/42\/2021\/01\/White-top-1920x200px.png\",\"datePublished\":\"2022-05-31T18:15:11+00:00\",\"dateModified\":\"2022-05-31T19:17:14+00:00\",\"description\":\"En tant qu' \\\"entra\u00eeneur priv\u00e9\\\" de votre planification financi\u00e8re, nous visons \u00e0 ce que vous fassiez les choix qui vous aideront \u00e0 construire vos r\u00eaves.\",\"breadcrumb\":{\"@id\":\"https:\/\/carteblanche.media\/prohealth\/fr\/services-personnels\/#breadcrumb\"},\"inLanguage\":\"fr-FR\",\"potentialAction\":[{\"@type\":\"ReadAction\",\"target\":[\"https:\/\/carteblanche.media\/prohealth\/fr\/services-personnels\/\"]}]},{\"@type\":\"ImageObject\",\"inLanguage\":\"fr-FR\",\"@id\":\"https:\/\/carteblanche.media\/prohealth\/fr\/services-personnels\/#primaryimage\",\"url\":\"https:\/\/carteblanche.media\/prohealth\/wp-content\/uploads\/sites\/42\/2021\/01\/White-top-1920x200px.png\",\"contentUrl\":\"https:\/\/carteblanche.media\/prohealth\/wp-content\/uploads\/sites\/42\/2021\/01\/White-top-1920x200px.png\"},{\"@type\":\"BreadcrumbList\",\"@id\":\"https:\/\/carteblanche.media\/prohealth\/fr\/services-personnels\/#breadcrumb\",\"itemListElement\":[{\"@type\":\"ListItem\",\"position\":1,\"name\":\"Home\",\"item\":\"https:\/\/carteblanche.media\/prohealth\/fr\/\"},{\"@type\":\"ListItem\",\"position\":2,\"name\":\"Services personnels\"}]},{\"@type\":\"WebSite\",\"@id\":\"https:\/\/carteblanche.media\/prohealth\/#website\",\"url\":\"https:\/\/carteblanche.media\/prohealth\/\",\"name\":\"Pro Health Financial - Montreal Investment & Insurance Broker of Choice\",\"description\":\"Pro Health Financial\",\"potentialAction\":[{\"@type\":\"SearchAction\",\"target\":{\"@type\":\"EntryPoint\",\"urlTemplate\":\"https:\/\/carteblanche.media\/prohealth\/?s={search_term_string}\"},\"query-input\":{\"@type\":\"PropertyValueSpecification\",\"valueRequired\":true,\"valueName\":\"search_term_string\"}}],\"inLanguage\":\"fr-FR\"}]}<\/script>\n<!-- \/ Yoast SEO plugin. -->","yoast_head_json":{"title":"Planification financi\u00e8re \u00e0 Montr\u00e9al | Pro Health Financial - Montreal Investment & Insurance Broker of Choice","description":"En tant qu' \"entra\u00eeneur priv\u00e9\" de votre planification financi\u00e8re, nous visons \u00e0 ce que vous fassiez les choix qui vous aideront \u00e0 construire vos r\u00eaves.","robots":{"index":"index","follow":"follow","max-snippet":"max-snippet:-1","max-image-preview":"max-image-preview:large","max-video-preview":"max-video-preview:-1"},"canonical":"https:\/\/carteblanche.media\/prohealth\/fr\/services-personnels\/","og_locale":"fr_FR","og_type":"article","og_title":"Planification financi\u00e8re \u00e0 Montr\u00e9al | Pro Health Financial - Montreal Investment & Insurance Broker of Choice","og_description":"En tant qu' \"entra\u00eeneur priv\u00e9\" de votre planification financi\u00e8re, nous visons \u00e0 ce que vous fassiez les choix qui vous aideront \u00e0 construire vos r\u00eaves.","og_url":"https:\/\/carteblanche.media\/prohealth\/fr\/services-personnels\/","og_site_name":"Pro Health Financial - Montreal Investment & Insurance Broker of Choice","article_modified_time":"2022-05-31T19:17:14+00:00","og_image":[{"url":"https:\/\/carteblanche.media\/prohealth\/wp-content\/uploads\/sites\/42\/2021\/01\/White-top-1920x200px.png","type":"","width":"","height":""}],"twitter_card":"summary_large_image","twitter_misc":{"Dur\u00e9e de lecture estim\u00e9e":"3 minutes"},"schema":{"@context":"https:\/\/schema.org","@graph":[{"@type":"WebPage","@id":"https:\/\/carteblanche.media\/prohealth\/fr\/services-personnels\/","url":"https:\/\/carteblanche.media\/prohealth\/fr\/services-personnels\/","name":"Planification financi\u00e8re \u00e0 Montr\u00e9al | Pro Health Financial - Montreal Investment & Insurance Broker of Choice","isPartOf":{"@id":"https:\/\/carteblanche.media\/prohealth\/#website"},"primaryImageOfPage":{"@id":"https:\/\/carteblanche.media\/prohealth\/fr\/services-personnels\/#primaryimage"},"image":{"@id":"https:\/\/carteblanche.media\/prohealth\/fr\/services-personnels\/#primaryimage"},"thumbnailUrl":"https:\/\/carteblanche.media\/prohealth\/wp-content\/uploads\/sites\/42\/2021\/01\/White-top-1920x200px.png","datePublished":"2022-05-31T18:15:11+00:00","dateModified":"2022-05-31T19:17:14+00:00","description":"En tant qu' \"entra\u00eeneur priv\u00e9\" de votre planification financi\u00e8re, nous visons \u00e0 ce que vous fassiez les choix qui vous aideront \u00e0 construire vos r\u00eaves.","breadcrumb":{"@id":"https:\/\/carteblanche.media\/prohealth\/fr\/services-personnels\/#breadcrumb"},"inLanguage":"fr-FR","potentialAction":[{"@type":"ReadAction","target":["https:\/\/carteblanche.media\/prohealth\/fr\/services-personnels\/"]}]},{"@type":"ImageObject","inLanguage":"fr-FR","@id":"https:\/\/carteblanche.media\/prohealth\/fr\/services-personnels\/#primaryimage","url":"https:\/\/carteblanche.media\/prohealth\/wp-content\/uploads\/sites\/42\/2021\/01\/White-top-1920x200px.png","contentUrl":"https:\/\/carteblanche.media\/prohealth\/wp-content\/uploads\/sites\/42\/2021\/01\/White-top-1920x200px.png"},{"@type":"BreadcrumbList","@id":"https:\/\/carteblanche.media\/prohealth\/fr\/services-personnels\/#breadcrumb","itemListElement":[{"@type":"ListItem","position":1,"name":"Home","item":"https:\/\/carteblanche.media\/prohealth\/fr\/"},{"@type":"ListItem","position":2,"name":"Services personnels"}]},{"@type":"WebSite","@id":"https:\/\/carteblanche.media\/prohealth\/#website","url":"https:\/\/carteblanche.media\/prohealth\/","name":"Pro Health Financial - Montreal Investment & Insurance Broker of Choice","description":"Pro Health Financial","potentialAction":[{"@type":"SearchAction","target":{"@type":"EntryPoint","urlTemplate":"https:\/\/carteblanche.media\/prohealth\/?s={search_term_string}"},"query-input":{"@type":"PropertyValueSpecification","valueRequired":true,"valueName":"search_term_string"}}],"inLanguage":"fr-FR"}]}},"_links":{"self":[{"href":"https:\/\/carteblanche.media\/prohealth\/fr\/wp-json\/wp\/v2\/pages\/4206","targetHints":{"allow":["GET"]}}],"collection":[{"href":"https:\/\/carteblanche.media\/prohealth\/fr\/wp-json\/wp\/v2\/pages"}],"about":[{"href":"https:\/\/carteblanche.media\/prohealth\/fr\/wp-json\/wp\/v2\/types\/page"}],"author":[{"embeddable":true,"href":"https:\/\/carteblanche.media\/prohealth\/fr\/wp-json\/wp\/v2\/users\/100"}],"replies":[{"embeddable":true,"href":"https:\/\/carteblanche.media\/prohealth\/fr\/wp-json\/wp\/v2\/comments?post=4206"}],"version-history":[{"count":2,"href":"https:\/\/carteblanche.media\/prohealth\/fr\/wp-json\/wp\/v2\/pages\/4206\/revisions"}],"predecessor-version":[{"id":5082,"href":"https:\/\/carteblanche.media\/prohealth\/fr\/wp-json\/wp\/v2\/pages\/4206\/revisions\/5082"}],"wp:attachment":[{"href":"https:\/\/carteblanche.media\/prohealth\/fr\/wp-json\/wp\/v2\/media?parent=4206"}],"curies":[{"name":"wp","href":"https:\/\/api.w.org\/{rel}","templated":true}]}}