{"id":4797,"date":"2022-05-31T14:15:11","date_gmt":"2022-05-31T18:15:11","guid":{"rendered":"https:\/\/prohealthfinancial.ca\/?page_id=4797"},"modified":"2022-05-31T14:15:11","modified_gmt":"2022-05-31T18:15:11","slug":"accueil-2","status":"publish","type":"page","link":"https:\/\/carteblanche.media\/prohealth\/accueil-2\/","title":{"rendered":"Accueil"},"content":{"rendered":"\n<h1>\n\t\tChoisir la bonne voie\n\t<\/h1>\n<h2>\n\t\tSavoir quoi faire de votre argent pour assurer votre ind\u00e9pendance financi\u00e8re personnelle ou professionnelle peut sembler un d\u00e9fi. Notre expertise en assurance, en investissement et en planification financi\u00e8re sera mise \u00e0 votre disposition pour vous assurer la libert\u00e9 financi\u00e8re \u00e0 laquelle vous r\u00eavez.\n\t<\/h2>\n\t\t\t<a href=\"https:\/\/carteblanche.media\/prohealth\/consultation\/\" target=\"_self\" role=\"button\" rel=\"noopener\">\n\t\t\t\t\t\t\tDemander une consultation\n\t\t\t\t\t<\/a>\n\t\t<img decoding=\"async\" src=\"https:\/\/carteblanche.media\/prohealth\/wp-content\/uploads\/sites\/29\/2021\/01\/White-top-1920x200px.png\" alt=\"White-top-1920x200px\" itemprop=\"image\"\/>\n\t\t<h2>Nos services <br \/>financiers<\/h2>\n\t<p>Parlons de votre situation actuelle et assurons votre s\u00e9curit\u00e9 de demain. Nous nous occuperons de tous vos besoins en mati\u00e8re d&#8217;assurance, d&#8217;investissement et de planification financi\u00e8re. Commencez le processus pour atteindre votre libert\u00e9 financi\u00e8re avec l&#8217;un de nos sp\u00e9cialistes.<\/p>\n\t\t\t\t<img decoding=\"async\" src=\"https:\/\/carteblanche.media\/prohealth\/wp-content\/uploads\/sites\/29\/2020\/12\/Buisness-Services-Icon-3.png\" alt=\"Buisness-Services-Icon-3\" title=\"Buisness-Services-Icon-3\" itemprop=\"image\"\/>\n\t\t<h3>Services aux entreprises<\/h3>\t\t\t\n\t\t\t<a href=\"https:\/\/carteblanche.media\/prohealth\/services-entreprises\/\" target=\"_self\" role=\"button\" aria-label=\"D\u00e9marrer\" rel=\"noopener\">\n\t\t\t\t\t\t\tD\u00e9marrer\n\t\t<\/a>\n\t\t\t\t<img decoding=\"async\" src=\"https:\/\/carteblanche.media\/prohealth\/wp-content\/uploads\/sites\/29\/2020\/12\/Personal-Services-Icon.png\" alt=\"Personal-Services-Icon\" title=\"Personal-Services-Icon\" itemprop=\"image\"\/>\n\t\t<h3>Services personnels<\/h3>\t\t\t\n\t\t\t<a href=\"https:\/\/carteblanche.media\/prohealth\/services-personnels\/\" target=\"_self\" role=\"button\" aria-label=\"D\u00e9marrer\" rel=\"noopener\">\n\t\t\t\t\t\t\tD\u00e9marrer\n\t\t<\/a>\n\t\t<h3>Qui sommes-nous?<\/h3>\n\t\t\t<p>Nous sommes une \u00e9quipe d&#8217;Experts Financiers, des conseillers en gestion de patrimoine et en risque financier, des experts fiscaux, des comptables et des avocats, ayant acquis collectivement plus de 80 ans d&#8217;exp\u00e9rience dans le monde des affaires.<\/p>\n\t\t<nav>\n\t\t\t<ul>\n\t\t\t\t\t\t\t\t<li data-index=\"0\">\n\t\t\t\t\t<h4>\n\t\t\t\t\t\t<a href=\"javascript:void(0);\">01 \n\t\t\t\t\t\t\t\t\t\t\t\t<\/a>\n\t\t\t\t\t<\/h4>\n\t\t\t\t<\/li>\n\t\t\t\t\t\t\t\t<li data-index=\"1\">\n\t\t\t\t\t<h4>\n\t\t\t\t\t\t<a href=\"javascript:void(0);\">02\n\t\t\t\t\t\t\t\t\t\t\t\t<\/a>\n\t\t\t\t\t<\/h4>\n\t\t\t\t<\/li>\n\t\t\t\t\t\t\t\t<li data-index=\"2\">\n\t\t\t\t\t<h4>\n\t\t\t\t\t\t<a href=\"javascript:void(0);\">03\n\t\t\t\t\t\t\t\t\t\t\t\t<\/a>\n\t\t\t\t\t<\/h4>\n\t\t\t\t<\/li>\n\t\t\t\t\t\t\t<\/ul>\n\t\t<\/nav>\n\t\t\t\t\t<p>Sur mesure selon<br \/>vos besoins<\/p>\n<p>Notre \u00e9quipe de sp\u00e9cialistes prendra le temps de s&#8217;asseoir avec vous afin d&#8217;\u00e9valuer dans les moindres d\u00e9tails vos besoins et d&#8217;\u00e9tablir les solutions id\u00e9ales et individualis\u00e9es, propres \u00e0 chacun d&#8217;entre vous.<\/p>\n\t\t\t\t\t<p>Support personnalis\u00e9<\/p>\n<p>Notre objectif est de vous fournir un service personnalis\u00e9 exceptionnel \u00e0 chaque \u00e9tape du processus financier une fois entam\u00e9. Notre objectif ultime sera toujours votre prosp\u00e9rit\u00e9 et votre satisfaction incontestable.<\/p>\n\t\t\t\t\t<p>Service rapide<\/p>\n<p>Comme nous comprenons l&#8217;importance de votre s\u00e9curit\u00e9 et votre croissance financi\u00e8res, nous nous effor\u00e7ons de vous offrir en tout temps un d\u00e9lai d&#8217;ex\u00e9cution rapide afin que vous demeuriez \u00e0 jour.<\/p>\n\t\t\t\t\t<!-- \/content -->\n\t<!-- \/tabs -->\n\t\t<h4>Comment \u00e7a marche<\/h4>\n\t\t\t<h2>Le processus se fait en trois \u00e9tapes faciles<\/h2>\n\t\t\t\t<img decoding=\"async\" alt=\"\" src=\"https:\/\/carteblanche.media\/prohealth\/wp-content\/uploads\/sites\/29\/2021\/01\/Meeting-Icon_4.png\"\/>\n\t\t\n\t\t\t<p><\/p>\n<p><\/p>\n<p><\/p>\n<p><\/p>\n<p><\/p>\n<p><\/p>\n<p><\/p>\n\t<h3>\n\t\t\t\tRencontre\n\t\t\t<\/h3>\n\t\t\t<p>Afin d&#8217;aboutir \u00e0 la meilleure solution pour chacun, le processus doit commencer par une \u00e9valuation des besoins. Qu&#8217;il s&#8217;agisse d&#8217;assurance, d&#8217;investissement ou de planification financi\u00e8re. Chaque membre de notre \u00e9quipe d&#8217;experts assign\u00e9 \u00e0 votre dossier, vous posera les questions n\u00e9cessaires afin qu&#8217;il puisse \u00e9tablir un plan personnalis\u00e9 qui sera le plus ad\u00e9quat pour assurer la protection de votre avenir.<\/p>\t\n\t\t\t\t<img decoding=\"async\" alt=\"\" src=\"https:\/\/carteblanche.media\/prohealth\/wp-content\/uploads\/sites\/29\/2021\/01\/Timing-Icon_3.png\"\/>\n\t\t\n\t\t\t<p><\/p>\n<p><\/p>\n<p><\/p>\n<p><\/p>\n<p><\/p>\n<p><\/p>\n<p><\/p>\n\t<h3>\n\t\t\t\tD\u00e9roulement\n\t\t\t<\/h3>\n\t\t\t<p>Votre temps nous importe avant tout. C&#8217;est pourquoi nos sp\u00e9cialistes vous fourniront des conseils et des solutions proactifs afin que chaque conversation repr\u00e9sente en soi, une valeur ajout\u00e9e et produise des r\u00e9sultats en lien \u00e9troit avec vos objectifs financiers.<\/p>\t\n\t\t\t\t<img decoding=\"async\" alt=\"\" src=\"https:\/\/carteblanche.media\/prohealth\/wp-content\/uploads\/sites\/29\/2021\/01\/Implementing-Icon-1.png\"\/>\n\t\t\n\t\t\t<p><\/p>\n<p><\/p>\n<p><\/p>\n<p><\/p>\n<p><\/p>\n<p><\/p>\n<p><\/p>\n\t<h3>\n\t\t\t\tMise en oeuvre\n\t\t\t<\/h3>\n\t\t\t<p>Une fois votre strat\u00e9gie d\u00e9finie, nous apporterons les ajustements n\u00e9cessaires pour faciliter la transition et \u00e9tablirons des objectifs d&#8217;\u00e9tapes afin que vous puissiez voir votre plan se concr\u00e9tiser.<\/p>\t\n\t\t<img decoding=\"async\" src=\"https:\/\/carteblanche.media\/prohealth\/wp-content\/uploads\/sites\/29\/2021\/01\/White-Green-1920x200px.png\" alt=\"White-Green-1920x200px\" itemprop=\"image\"\/>\n<h3>\n\t\tDemander une consultation\n\t<\/h3>\n\t<p>Contacter l&#8217;un de nos planificateurs financiers \u00e0 Montr\u00e9al.<\/p>\n\t\t\t<a href=\"https:\/\/carteblanche.media\/prohealth\/consultation\/\" target=\"_self\" role=\"button\" rel=\"noopener\">\n\t\t\t\t\t\t\tD\u00e9marrer\n\t\t\t\t\t<\/a>\n\t\t\t\t<img decoding=\"async\" src=\"https:\/\/carteblanche.media\/prohealth\/wp-content\/uploads\/sites\/29\/2021\/03\/Contact-Pro-Health-Financial-for-your-Economic-Needs-scaled.jpg\" alt=\"Contact-Pro-Health-Financial-for-your-Economic-Needs\" title=\"Contact-Pro-Health-Financial-for-your-Economic-Needs\" itemprop=\"image\"  \/>\n\n","protected":false},"excerpt":{"rendered":"<p>Choisir la bonne voie Savoir quoi faire de votre argent pour assurer votre ind\u00e9pendance financi\u00e8re personnelle ou professionnelle peut sembler un d\u00e9fi. Notre expertise en assurance, en investissement et en planification financi\u00e8re sera mise \u00e0 votre disposition pour vous assurer la libert\u00e9 financi\u00e8re \u00e0 laquelle vous r\u00eavez. Demander une consultation Nos services financiers Parlons de&hellip;<\/p>\n","protected":false},"author":100,"featured_media":0,"parent":0,"menu_order":0,"comment_status":"closed","ping_status":"closed","template":"","meta":{"footnotes":""},"class_list":["post-4797","page","type-page","status-publish","hentry"],"yoast_head":"<!-- This site is optimized with the Yoast SEO plugin v26.8 - https:\/\/yoast.com\/product\/yoast-seo-wordpress\/ -->\n<title>Insurance, Investing, and Financial Planning |Pro Health Financial - Montreal Investment &amp; Insurance Broker of Choice<\/title>\n<meta name=\"description\" content=\"Knowing how to ensure financial freedom can be a challenge, let us take care of all your insurance, investing, and financial planning needs.\" \/>\n<meta name=\"robots\" content=\"index, follow, max-snippet:-1, max-image-preview:large, max-video-preview:-1\" \/>\n<link rel=\"canonical\" href=\"https:\/\/carteblanche.media\/prohealth\/accueil-2\/\" \/>\n<meta property=\"og:locale\" content=\"en_US\" \/>\n<meta property=\"og:type\" content=\"article\" \/>\n<meta property=\"og:title\" content=\"Insurance, Investing, and Financial Planning |Pro Health Financial - Montreal Investment &amp; Insurance Broker of Choice\" \/>\n<meta property=\"og:description\" content=\"Knowing how to ensure financial freedom can be a challenge, let us take care of all your insurance, investing, and financial planning needs.\" \/>\n<meta property=\"og:url\" content=\"https:\/\/carteblanche.media\/prohealth\/accueil-2\/\" \/>\n<meta property=\"og:site_name\" content=\"Pro Health Financial - Montreal Investment &amp; Insurance Broker of Choice\" \/>\n<meta property=\"og:image\" content=\"https:\/\/carteblanche.media\/prohealth\/wp-content\/uploads\/sites\/29\/2021\/01\/White-top-1920x200px.png\" \/>\n<meta name=\"twitter:card\" content=\"summary_large_image\" \/>\n<meta name=\"twitter:label1\" content=\"Est. reading time\" \/>\n\t<meta name=\"twitter:data1\" content=\"7 minutes\" \/>\n<script type=\"application\/ld+json\" class=\"yoast-schema-graph\">{\"@context\":\"https:\/\/schema.org\",\"@graph\":[{\"@type\":\"WebPage\",\"@id\":\"https:\/\/carteblanche.media\/prohealth\/accueil-2\/\",\"url\":\"https:\/\/carteblanche.media\/prohealth\/accueil-2\/\",\"name\":\"Insurance, Investing, and Financial Planning |Pro Health Financial - Montreal Investment & Insurance Broker of Choice\",\"isPartOf\":{\"@id\":\"https:\/\/carteblanche.media\/prohealth\/#website\"},\"primaryImageOfPage\":{\"@id\":\"https:\/\/carteblanche.media\/prohealth\/accueil-2\/#primaryimage\"},\"image\":{\"@id\":\"https:\/\/carteblanche.media\/prohealth\/accueil-2\/#primaryimage\"},\"thumbnailUrl\":\"https:\/\/carteblanche.media\/prohealth\/wp-content\/uploads\/sites\/29\/2021\/01\/White-top-1920x200px.png\",\"datePublished\":\"2022-05-31T18:15:11+00:00\",\"description\":\"Knowing how to ensure financial freedom can be a challenge, let us take care of all your insurance, investing, and financial planning needs.\",\"breadcrumb\":{\"@id\":\"https:\/\/carteblanche.media\/prohealth\/accueil-2\/#breadcrumb\"},\"inLanguage\":\"en-US\",\"potentialAction\":[{\"@type\":\"ReadAction\",\"target\":[\"https:\/\/carteblanche.media\/prohealth\/accueil-2\/\"]}]},{\"@type\":\"ImageObject\",\"inLanguage\":\"en-US\",\"@id\":\"https:\/\/carteblanche.media\/prohealth\/accueil-2\/#primaryimage\",\"url\":\"https:\/\/carteblanche.media\/prohealth\/wp-content\/uploads\/sites\/29\/2021\/01\/White-top-1920x200px.png\",\"contentUrl\":\"https:\/\/carteblanche.media\/prohealth\/wp-content\/uploads\/sites\/29\/2021\/01\/White-top-1920x200px.png\"},{\"@type\":\"BreadcrumbList\",\"@id\":\"https:\/\/carteblanche.media\/prohealth\/accueil-2\/#breadcrumb\",\"itemListElement\":[{\"@type\":\"ListItem\",\"position\":1,\"name\":\"Home\",\"item\":\"https:\/\/carteblanche.media\/prohealth\/\"},{\"@type\":\"ListItem\",\"position\":2,\"name\":\"Accueil\"}]},{\"@type\":\"WebSite\",\"@id\":\"https:\/\/carteblanche.media\/prohealth\/#website\",\"url\":\"https:\/\/carteblanche.media\/prohealth\/\",\"name\":\"Pro Health Financial - Montreal Investment & Insurance Broker of Choice\",\"description\":\"Pro Health Financial\",\"potentialAction\":[{\"@type\":\"SearchAction\",\"target\":{\"@type\":\"EntryPoint\",\"urlTemplate\":\"https:\/\/carteblanche.media\/prohealth\/?s={search_term_string}\"},\"query-input\":{\"@type\":\"PropertyValueSpecification\",\"valueRequired\":true,\"valueName\":\"search_term_string\"}}],\"inLanguage\":\"en-US\"}]}<\/script>\n<!-- \/ Yoast SEO plugin. -->","yoast_head_json":{"title":"Insurance, Investing, and Financial Planning |Pro Health Financial - Montreal Investment & Insurance Broker of Choice","description":"Knowing how to ensure financial freedom can be a challenge, let us take care of all your insurance, investing, and financial planning needs.","robots":{"index":"index","follow":"follow","max-snippet":"max-snippet:-1","max-image-preview":"max-image-preview:large","max-video-preview":"max-video-preview:-1"},"canonical":"https:\/\/carteblanche.media\/prohealth\/accueil-2\/","og_locale":"en_US","og_type":"article","og_title":"Insurance, Investing, and Financial Planning |Pro Health Financial - Montreal Investment & Insurance Broker of Choice","og_description":"Knowing how to ensure financial freedom can be a challenge, let us take care of all your insurance, investing, and financial planning needs.","og_url":"https:\/\/carteblanche.media\/prohealth\/accueil-2\/","og_site_name":"Pro Health Financial - Montreal Investment & Insurance Broker of Choice","og_image":[{"url":"https:\/\/carteblanche.media\/prohealth\/wp-content\/uploads\/sites\/29\/2021\/01\/White-top-1920x200px.png","type":"","width":"","height":""}],"twitter_card":"summary_large_image","twitter_misc":{"Est. reading time":"7 minutes"},"schema":{"@context":"https:\/\/schema.org","@graph":[{"@type":"WebPage","@id":"https:\/\/carteblanche.media\/prohealth\/accueil-2\/","url":"https:\/\/carteblanche.media\/prohealth\/accueil-2\/","name":"Insurance, Investing, and Financial Planning |Pro Health Financial - Montreal Investment & Insurance Broker of Choice","isPartOf":{"@id":"https:\/\/carteblanche.media\/prohealth\/#website"},"primaryImageOfPage":{"@id":"https:\/\/carteblanche.media\/prohealth\/accueil-2\/#primaryimage"},"image":{"@id":"https:\/\/carteblanche.media\/prohealth\/accueil-2\/#primaryimage"},"thumbnailUrl":"https:\/\/carteblanche.media\/prohealth\/wp-content\/uploads\/sites\/29\/2021\/01\/White-top-1920x200px.png","datePublished":"2022-05-31T18:15:11+00:00","description":"Knowing how to ensure financial freedom can be a challenge, let us take care of all your insurance, investing, and financial planning needs.","breadcrumb":{"@id":"https:\/\/carteblanche.media\/prohealth\/accueil-2\/#breadcrumb"},"inLanguage":"en-US","potentialAction":[{"@type":"ReadAction","target":["https:\/\/carteblanche.media\/prohealth\/accueil-2\/"]}]},{"@type":"ImageObject","inLanguage":"en-US","@id":"https:\/\/carteblanche.media\/prohealth\/accueil-2\/#primaryimage","url":"https:\/\/carteblanche.media\/prohealth\/wp-content\/uploads\/sites\/29\/2021\/01\/White-top-1920x200px.png","contentUrl":"https:\/\/carteblanche.media\/prohealth\/wp-content\/uploads\/sites\/29\/2021\/01\/White-top-1920x200px.png"},{"@type":"BreadcrumbList","@id":"https:\/\/carteblanche.media\/prohealth\/accueil-2\/#breadcrumb","itemListElement":[{"@type":"ListItem","position":1,"name":"Home","item":"https:\/\/carteblanche.media\/prohealth\/"},{"@type":"ListItem","position":2,"name":"Accueil"}]},{"@type":"WebSite","@id":"https:\/\/carteblanche.media\/prohealth\/#website","url":"https:\/\/carteblanche.media\/prohealth\/","name":"Pro Health Financial - Montreal Investment & Insurance Broker of Choice","description":"Pro Health Financial","potentialAction":[{"@type":"SearchAction","target":{"@type":"EntryPoint","urlTemplate":"https:\/\/carteblanche.media\/prohealth\/?s={search_term_string}"},"query-input":{"@type":"PropertyValueSpecification","valueRequired":true,"valueName":"search_term_string"}}],"inLanguage":"en-US"}]}},"_links":{"self":[{"href":"https:\/\/carteblanche.media\/prohealth\/wp-json\/wp\/v2\/pages\/4797","targetHints":{"allow":["GET"]}}],"collection":[{"href":"https:\/\/carteblanche.media\/prohealth\/wp-json\/wp\/v2\/pages"}],"about":[{"href":"https:\/\/carteblanche.media\/prohealth\/wp-json\/wp\/v2\/types\/page"}],"author":[{"embeddable":true,"href":"https:\/\/carteblanche.media\/prohealth\/wp-json\/wp\/v2\/users\/100"}],"replies":[{"embeddable":true,"href":"https:\/\/carteblanche.media\/prohealth\/wp-json\/wp\/v2\/comments?post=4797"}],"version-history":[{"count":3,"href":"https:\/\/carteblanche.media\/prohealth\/wp-json\/wp\/v2\/pages\/4797\/revisions"}],"predecessor-version":[{"id":4817,"href":"https:\/\/carteblanche.media\/prohealth\/wp-json\/wp\/v2\/pages\/4797\/revisions\/4817"}],"wp:attachment":[{"href":"https:\/\/carteblanche.media\/prohealth\/wp-json\/wp\/v2\/media?parent=4797"}],"curies":[{"name":"wp","href":"https:\/\/api.w.org\/{rel}","templated":true}]}}