{"id":4954,"date":"2022-05-31T14:15:11","date_gmt":"2022-05-31T18:15:11","guid":{"rendered":"https:\/\/prohealthfinancial.ca\/?page_id=4954"},"modified":"2022-05-31T14:15:11","modified_gmt":"2022-05-31T18:15:11","slug":"contactez-nous","status":"publish","type":"page","link":"https:\/\/carteblanche.media\/prohealth\/home\/contactez-nous\/","title":{"rendered":"Contactez-nous"},"content":{"rendered":"\n\n\t<h1>\n\t\t\t\tContactez-nous\n\t\t\t<\/h1>\n\t\t\t<p>Afin d&#8217;assurer un dialogue authentique, limpide et rassurant, nos rencontres sont organis\u00e9es \u00e0 la convenance mutuelle du client et de nos planificateurs financiers \u00e0 Montr\u00e9al, sans aucune limite de temps. Le lieu de la r\u00e9union est enti\u00e8rement \u00e0 la discr\u00e9tion de nos clients et d\u00e9pend de leur niveau de confort\u00a0: Les terrains de golf, les restaurants ou les caf\u00e9s sont tous des endroits parfaits pour les r\u00e9unions. Pour ceux qui pr\u00e9f\u00e8rent un cadre plus formel, ils n&#8217;ont qu&#8217;\u00e0 passer \u00e0 nos bureaux et parler \u00e0 l&#8217;un de nos planificateurs financiers \u00e0 TMR et sur la rue Guy.<\/p>\t\n\t\t<img decoding=\"async\" src=\"https:\/\/carteblanche.media\/prohealth\/wp-content\/uploads\/sites\/29\/2021\/01\/White-Green-1920x200px.png\" alt=\"White-Green-1920x200px\" itemprop=\"image\"\/>\n\t<h2>&#8220;On ne monte pas au niveau de nos attentes, on reste au niveau de nos connaissances.&#8221;<\/h2>\n<h3>Archilochus<\/h3>\n\t\t<img decoding=\"async\" src=\"https:\/\/carteblanche.media\/prohealth\/wp-content\/uploads\/sites\/29\/2021\/01\/White-top-1920x200px.png\" alt=\"White-top-1920x200px\" itemprop=\"image\"\/>\n\t<iframe src=\"https:\/\/www.google.com\/maps\/embed\/v1\/place?q=5500+Royalmount+Avenue%2C+Suite+325%2C+Montreal%2C+Quebec%2C+H4P+1H7&#038;key=AIzaSyD09zQ9PNDNNy9TadMuzRV_UsPUoWKntt8\" aria-hidden=\"true\"><\/iframe>\n\t<h2>\n\t\t\t\tNotre bureau\n\t\t\t<\/h2>\n\t<h3>\n\t\t\t\tMontreal\n\t\t\t<\/h3>\n\t\t\t<p>5500 Royalmount Avenue, Suite 325, Montreal, Quebec, H4P 1H7<br \/>514-966-1214<br \/>info@carteblanche.media\/prohealth<\/p>\n\t\t<img decoding=\"async\" src=\"https:\/\/carteblanche.media\/prohealth\/wp-content\/uploads\/sites\/29\/2021\/01\/White-Green-1920x200px.png\" alt=\"White-Green-1920x200px\" itemprop=\"image\"\/>\n<h3>\n\t\tDemander une consultation\n\t<\/h3>\n\t<p>Contacter l&#8217;un de nos planificateurs financiers \u00e0 Montr\u00e9al.<\/p>\n\t\t\t<a href=\"https:\/\/carteblanche.media\/prohealth\/consultation\/\" target=\"_self\" role=\"button\" rel=\"noopener\">\n\t\t\t\t\t\t\tD\u00e9marrer\n\t\t\t\t\t<\/a>\n\t\t\t\t<img decoding=\"async\" src=\"https:\/\/carteblanche.media\/prohealth\/wp-content\/uploads\/sites\/29\/2021\/03\/Contact-Pro-Health-Financial-for-your-Economic-Needs-scaled.jpg\" alt=\"Contact-Pro-Health-Financial-for-your-Economic-Needs\" title=\"Contact-Pro-Health-Financial-for-your-Economic-Needs\" itemprop=\"image\"  \/>\n\n","protected":false},"excerpt":{"rendered":"<p>Contactez-nous Afin d&#8217;assurer un dialogue authentique, limpide et rassurant, nos rencontres sont organis\u00e9es \u00e0 la convenance mutuelle du client et de nos planificateurs financiers \u00e0 Montr\u00e9al, sans aucune limite de temps. Le lieu de la r\u00e9union est enti\u00e8rement \u00e0 la discr\u00e9tion de nos clients et d\u00e9pend de leur niveau de confort\u00a0: Les terrains de golf,&hellip;<\/p>\n","protected":false},"author":100,"featured_media":0,"parent":428,"menu_order":0,"comment_status":"closed","ping_status":"closed","template":"","meta":{"footnotes":""},"class_list":["post-4954","page","type-page","status-publish","hentry"],"yoast_head":"<!-- This site is optimized with the Yoast SEO plugin v26.8 - https:\/\/yoast.com\/product\/yoast-seo-wordpress\/ -->\n<title>Contact Our Financial Planners | Pro Health Financial - Montreal Investment &amp; Insurance Broker of Choice<\/title>\n<meta name=\"description\" content=\"To ensure a free-flowing, organic dialogue, our meetings are at the convenience of client and financial planners, and have no set time limit.\" \/>\n<meta name=\"robots\" content=\"index, follow, max-snippet:-1, max-image-preview:large, max-video-preview:-1\" \/>\n<link rel=\"canonical\" href=\"https:\/\/carteblanche.media\/prohealth\/home\/contactez-nous\/\" \/>\n<meta property=\"og:locale\" content=\"en_US\" \/>\n<meta property=\"og:type\" content=\"article\" \/>\n<meta property=\"og:title\" content=\"Contact Our Financial Planners | Pro Health Financial - Montreal Investment &amp; Insurance Broker of Choice\" \/>\n<meta property=\"og:description\" content=\"To ensure a free-flowing, organic dialogue, our meetings are at the convenience of client and financial planners, and have no set time limit.\" \/>\n<meta property=\"og:url\" content=\"https:\/\/carteblanche.media\/prohealth\/home\/contactez-nous\/\" \/>\n<meta property=\"og:site_name\" content=\"Pro Health Financial - Montreal Investment &amp; Insurance Broker of Choice\" \/>\n<meta property=\"og:image\" content=\"https:\/\/carteblanche.media\/prohealth\/wp-content\/uploads\/sites\/29\/2021\/01\/White-Green-1920x200px.png\" \/>\n<meta name=\"twitter:card\" content=\"summary_large_image\" \/>\n<meta name=\"twitter:label1\" content=\"Est. reading time\" \/>\n\t<meta name=\"twitter:data1\" content=\"2 minutes\" \/>\n<script type=\"application\/ld+json\" class=\"yoast-schema-graph\">{\"@context\":\"https:\/\/schema.org\",\"@graph\":[{\"@type\":\"WebPage\",\"@id\":\"https:\/\/carteblanche.media\/prohealth\/home\/contactez-nous\/\",\"url\":\"https:\/\/carteblanche.media\/prohealth\/home\/contactez-nous\/\",\"name\":\"Contact Our Financial Planners | Pro Health Financial - Montreal Investment & Insurance Broker of Choice\",\"isPartOf\":{\"@id\":\"https:\/\/carteblanche.media\/prohealth\/#website\"},\"primaryImageOfPage\":{\"@id\":\"https:\/\/carteblanche.media\/prohealth\/home\/contactez-nous\/#primaryimage\"},\"image\":{\"@id\":\"https:\/\/carteblanche.media\/prohealth\/home\/contactez-nous\/#primaryimage\"},\"thumbnailUrl\":\"https:\/\/carteblanche.media\/prohealth\/wp-content\/uploads\/sites\/29\/2021\/01\/White-Green-1920x200px.png\",\"datePublished\":\"2022-05-31T18:15:11+00:00\",\"description\":\"To ensure a free-flowing, organic dialogue, our meetings are at the convenience of client and financial planners, and have no set time limit.\",\"breadcrumb\":{\"@id\":\"https:\/\/carteblanche.media\/prohealth\/home\/contactez-nous\/#breadcrumb\"},\"inLanguage\":\"en-US\",\"potentialAction\":[{\"@type\":\"ReadAction\",\"target\":[\"https:\/\/carteblanche.media\/prohealth\/home\/contactez-nous\/\"]}]},{\"@type\":\"ImageObject\",\"inLanguage\":\"en-US\",\"@id\":\"https:\/\/carteblanche.media\/prohealth\/home\/contactez-nous\/#primaryimage\",\"url\":\"https:\/\/carteblanche.media\/prohealth\/wp-content\/uploads\/sites\/29\/2021\/01\/White-Green-1920x200px.png\",\"contentUrl\":\"https:\/\/carteblanche.media\/prohealth\/wp-content\/uploads\/sites\/29\/2021\/01\/White-Green-1920x200px.png\"},{\"@type\":\"BreadcrumbList\",\"@id\":\"https:\/\/carteblanche.media\/prohealth\/home\/contactez-nous\/#breadcrumb\",\"itemListElement\":[{\"@type\":\"ListItem\",\"position\":1,\"name\":\"Home\",\"item\":\"https:\/\/carteblanche.media\/prohealth\/\"},{\"@type\":\"ListItem\",\"position\":2,\"name\":\"Home\",\"item\":\"https:\/\/carteblanche.media\/prohealth\/\"},{\"@type\":\"ListItem\",\"position\":3,\"name\":\"Contactez-nous\"}]},{\"@type\":\"WebSite\",\"@id\":\"https:\/\/carteblanche.media\/prohealth\/#website\",\"url\":\"https:\/\/carteblanche.media\/prohealth\/\",\"name\":\"Pro Health Financial - Montreal Investment & Insurance Broker of Choice\",\"description\":\"Pro Health Financial\",\"potentialAction\":[{\"@type\":\"SearchAction\",\"target\":{\"@type\":\"EntryPoint\",\"urlTemplate\":\"https:\/\/carteblanche.media\/prohealth\/?s={search_term_string}\"},\"query-input\":{\"@type\":\"PropertyValueSpecification\",\"valueRequired\":true,\"valueName\":\"search_term_string\"}}],\"inLanguage\":\"en-US\"}]}<\/script>\n<!-- \/ Yoast SEO plugin. -->","yoast_head_json":{"title":"Contact Our Financial Planners | Pro Health Financial - Montreal Investment & Insurance Broker of Choice","description":"To ensure a free-flowing, organic dialogue, our meetings are at the convenience of client and financial planners, and have no set time limit.","robots":{"index":"index","follow":"follow","max-snippet":"max-snippet:-1","max-image-preview":"max-image-preview:large","max-video-preview":"max-video-preview:-1"},"canonical":"https:\/\/carteblanche.media\/prohealth\/home\/contactez-nous\/","og_locale":"en_US","og_type":"article","og_title":"Contact Our Financial Planners | Pro Health Financial - Montreal Investment & Insurance Broker of Choice","og_description":"To ensure a free-flowing, organic dialogue, our meetings are at the convenience of client and financial planners, and have no set time limit.","og_url":"https:\/\/carteblanche.media\/prohealth\/home\/contactez-nous\/","og_site_name":"Pro Health Financial - Montreal Investment & Insurance Broker of Choice","og_image":[{"url":"https:\/\/carteblanche.media\/prohealth\/wp-content\/uploads\/sites\/29\/2021\/01\/White-Green-1920x200px.png","type":"","width":"","height":""}],"twitter_card":"summary_large_image","twitter_misc":{"Est. reading time":"2 minutes"},"schema":{"@context":"https:\/\/schema.org","@graph":[{"@type":"WebPage","@id":"https:\/\/carteblanche.media\/prohealth\/home\/contactez-nous\/","url":"https:\/\/carteblanche.media\/prohealth\/home\/contactez-nous\/","name":"Contact Our Financial Planners | Pro Health Financial - Montreal Investment & Insurance Broker of Choice","isPartOf":{"@id":"https:\/\/carteblanche.media\/prohealth\/#website"},"primaryImageOfPage":{"@id":"https:\/\/carteblanche.media\/prohealth\/home\/contactez-nous\/#primaryimage"},"image":{"@id":"https:\/\/carteblanche.media\/prohealth\/home\/contactez-nous\/#primaryimage"},"thumbnailUrl":"https:\/\/carteblanche.media\/prohealth\/wp-content\/uploads\/sites\/29\/2021\/01\/White-Green-1920x200px.png","datePublished":"2022-05-31T18:15:11+00:00","description":"To ensure a free-flowing, organic dialogue, our meetings are at the convenience of client and financial planners, and have no set time limit.","breadcrumb":{"@id":"https:\/\/carteblanche.media\/prohealth\/home\/contactez-nous\/#breadcrumb"},"inLanguage":"en-US","potentialAction":[{"@type":"ReadAction","target":["https:\/\/carteblanche.media\/prohealth\/home\/contactez-nous\/"]}]},{"@type":"ImageObject","inLanguage":"en-US","@id":"https:\/\/carteblanche.media\/prohealth\/home\/contactez-nous\/#primaryimage","url":"https:\/\/carteblanche.media\/prohealth\/wp-content\/uploads\/sites\/29\/2021\/01\/White-Green-1920x200px.png","contentUrl":"https:\/\/carteblanche.media\/prohealth\/wp-content\/uploads\/sites\/29\/2021\/01\/White-Green-1920x200px.png"},{"@type":"BreadcrumbList","@id":"https:\/\/carteblanche.media\/prohealth\/home\/contactez-nous\/#breadcrumb","itemListElement":[{"@type":"ListItem","position":1,"name":"Home","item":"https:\/\/carteblanche.media\/prohealth\/"},{"@type":"ListItem","position":2,"name":"Home","item":"https:\/\/carteblanche.media\/prohealth\/"},{"@type":"ListItem","position":3,"name":"Contactez-nous"}]},{"@type":"WebSite","@id":"https:\/\/carteblanche.media\/prohealth\/#website","url":"https:\/\/carteblanche.media\/prohealth\/","name":"Pro Health Financial - Montreal Investment & Insurance Broker of Choice","description":"Pro Health Financial","potentialAction":[{"@type":"SearchAction","target":{"@type":"EntryPoint","urlTemplate":"https:\/\/carteblanche.media\/prohealth\/?s={search_term_string}"},"query-input":{"@type":"PropertyValueSpecification","valueRequired":true,"valueName":"search_term_string"}}],"inLanguage":"en-US"}]}},"_links":{"self":[{"href":"https:\/\/carteblanche.media\/prohealth\/wp-json\/wp\/v2\/pages\/4954","targetHints":{"allow":["GET"]}}],"collection":[{"href":"https:\/\/carteblanche.media\/prohealth\/wp-json\/wp\/v2\/pages"}],"about":[{"href":"https:\/\/carteblanche.media\/prohealth\/wp-json\/wp\/v2\/types\/page"}],"author":[{"embeddable":true,"href":"https:\/\/carteblanche.media\/prohealth\/wp-json\/wp\/v2\/users\/100"}],"replies":[{"embeddable":true,"href":"https:\/\/carteblanche.media\/prohealth\/wp-json\/wp\/v2\/comments?post=4954"}],"version-history":[{"count":3,"href":"https:\/\/carteblanche.media\/prohealth\/wp-json\/wp\/v2\/pages\/4954\/revisions"}],"predecessor-version":[{"id":4978,"href":"https:\/\/carteblanche.media\/prohealth\/wp-json\/wp\/v2\/pages\/4954\/revisions\/4978"}],"up":[{"embeddable":true,"href":"https:\/\/carteblanche.media\/prohealth\/wp-json\/wp\/v2\/pages\/428"}],"wp:attachment":[{"href":"https:\/\/carteblanche.media\/prohealth\/wp-json\/wp\/v2\/media?parent=4954"}],"curies":[{"name":"wp","href":"https:\/\/api.w.org\/{rel}","templated":true}]}}